{"id":1308,"date":"2023-11-29T17:10:07","date_gmt":"2023-11-29T17:10:07","guid":{"rendered":"https:\/\/www.riyadlionrouge.com\/atelier-des-lumieres\/"},"modified":"2024-05-17T07:04:19","modified_gmt":"2024-05-17T07:04:19","slug":"atelier-des-lumieres","status":"publish","type":"page","link":"https:\/\/www.riyadlionrouge.com\/fr\/atelier-des-lumieres\/","title":{"rendered":"ATELIER DES LUMI\u00c8RES"},"content":{"rendered":"<section class=\"wpb-content-wrapper\"><p>[vc_row full_width=&#8221;stretch_row&#8221; gap=&#8221;0&#8243; responsive_css=&#8221;margin_bottom_large:0px&#8221; css=&#8221;.vc_custom_1701852353982{margin-bottom: 50px !important;}&#8221;][vc_column width=&#8221;1\/4&#8243;][vc_empty_space height=&#8221;75px&#8221;][vc_column_text el_class=&#8221;hidemobile&#8221;]<img decoding=\"async\" class=\"wp-image-25 aligncenter\" src=\"https:\/\/www.riyadlionrouge.com\/wp-content\/uploads\/2023\/11\/logo-176x300.png\" alt=\"\" width=\"103\" height=\"176\" srcset=\"https:\/\/www.riyadlionrouge.com\/wp-content\/uploads\/2023\/11\/logo-176x300.png 176w, https:\/\/www.riyadlionrouge.com\/wp-content\/uploads\/2023\/11\/logo.png 217w\" sizes=\"(max-width: 103px) 100vw, 103px\" \/>[\/vc_column_text][\/vc_column][vc_column width=&#8221;3\/4&#8243; css=&#8221;.vc_custom_1701448629694{background-image: url(https:\/\/www.riyadlionrouge.com\/wp-content\/uploads\/2023\/12\/riyad-lion-rouge-room-atelier-des-lumieres-19.webp?id=427) !important;background-position: center !important;background-repeat: no-repeat !important;background-size: cover !important;}&#8221;][vc_empty_space height=&#8221;400 px&#8221;][\/vc_column][\/vc_row][vc_row row_hide=&#8221;hidden-xs hidden-sm&#8221;][vc_column][vc_empty_space height=&#8221;320px&#8221;][\/vc_column][\/vc_row][vc_row full_width=&#8221;stretch_row&#8221; el_class=&#8221;reverse&#8221;][vc_column width=&#8221;1\/2&#8243; css=&#8221;.vc_custom_1701852371044{padding-right: 0px !important;padding-left: 0px !important;}&#8221; responsive_css=&#8221;padding_right_large:3vw|padding_left_large:10vw&#8221;][vc_row_inner][vc_column_inner width=&#8221;2\/3&#8243; css=&#8221;.vc_custom_1701198223227{margin-top: -90px !important;}&#8221;][vc_single_image image=&#8221;412&#8243; img_size=&#8221;full&#8221;][\/vc_column_inner][vc_column_inner width=&#8221;1\/3&#8243;][vc_single_image image=&#8221;441&#8243; img_size=&#8221;full&#8221;][\/vc_column_inner][\/vc_row_inner][vc_row_inner][vc_column_inner][vc_single_image image=&#8221;420&#8243; img_size=&#8221;full&#8221;][\/vc_column_inner][\/vc_row_inner][\/vc_column][vc_column width=&#8221;1\/2&#8243; css=&#8221;.vc_custom_1701198301765{padding-right: 11vw !important;}&#8221;][vc_column_text]<\/p>\n<h1 style=\"text-align: left;\"><span style=\"font-size: 10px;\">Marrakech Boutique H\u00f4tel<\/span><\/h1>\n<p>[\/vc_column_text][vc_column_text]<\/p>\n<h2>La chambre<br \/>\n<span style=\"color: #c74242;\">ATELIER DES LUMI\u00c8RES<\/span><\/h2>\n<p>[\/vc_column_text][vc_empty_space][vc_column_text el_class=&#8221;textlineheight&#8221;]Joyau moderne de la maison, l&#8217;Atelier des Lumi\u00e8res offre, avec ses 6 m\u00e8tres de hauteur sous plafond et la fusion de l&#8217;ambiance marocaine et de l&#8217;architecture contemporaine, le caract\u00e8re d&#8217;un loft de grande ville. Les vitres color\u00e9es cr\u00e9ent des jeux de lumi\u00e8re fantastiques dans le salon et la salle de bains, selon l&#8217;heure de la journ\u00e9e. Le lit double spacieux, le chauffage au sol et le coin salon inhabituel invitent \u00e0 la d\u00e9tente.[\/vc_column_text][vc_empty_space][vc_row_inner][vc_column_inner width=&#8221;2\/3&#8243;]<style>.ld_icon_box_69e5e0392fac1 h3{margin-bottom:px;}.ld_icon_box_69e5e0392fac1 .iconbox-icon-container{border-radius:px;}<\/style>\n<div class=\"iconbox iconbox-side ld_icon_box_69e5e0392fac1\" id=\"ld_icon_box_69e5e0392fac1\"   >\n\t\n\t\t<div class=\"iconbox-icon-wrap\"><span class=\"iconbox-icon-container\"><i class=\"icon-arrows_check\"><\/i><\/span><\/div><!-- \/.iconbox-icon-wrap -->\t\n\t\t\n\t<div class=\"contents\">\t\n\t\t<p>48 m2 \u00e0 l&#8217;\u00e9tage<\/p>\n\t\t\n\t<\/div>\t\n\t\n<\/div>\n<style>.ld_icon_box_69e5e03930571 h3{margin-bottom:px;}.ld_icon_box_69e5e03930571 .iconbox-icon-container{border-radius:px;}<\/style>\n<div class=\"iconbox iconbox-side ld_icon_box_69e5e03930571\" id=\"ld_icon_box_69e5e03930571\"   >\n\t\n\t\t<div class=\"iconbox-icon-wrap\"><span class=\"iconbox-icon-container\"><i class=\"icon-arrows_check\"><\/i><\/span><\/div><!-- \/.iconbox-icon-wrap -->\t\n\t\t\n\t<div class=\"contents\">\t\n\t\t<p>Joyau moderne avec 6 m\u00e8tres de hauteur sous plafond<\/p>\n\t\t\n\t<\/div>\t\n\t\n<\/div>\n<style>.ld_icon_box_69e5e03930c1e h3{margin-bottom:px;}.ld_icon_box_69e5e03930c1e .iconbox-icon-container{border-radius:px;}<\/style>\n<div class=\"iconbox iconbox-side ld_icon_box_69e5e03930c1e\" id=\"ld_icon_box_69e5e03930c1e\"   >\n\t\n\t\t<div class=\"iconbox-icon-wrap\"><span class=\"iconbox-icon-container\"><i class=\"icon-arrows_check\"><\/i><\/span><\/div><!-- \/.iconbox-icon-wrap -->\t\n\t\t\n\t<div class=\"contents\">\t\n\t\t<p>Pour 2 personnes<\/p>\n\t\t\n\t<\/div>\t\n\t\n<\/div>\n<style>.ld_icon_box_69e5e03930e76 h3{margin-bottom:px;}.ld_icon_box_69e5e03930e76 .iconbox-icon-container{border-radius:px;}<\/style>\n<div class=\"iconbox iconbox-side ld_icon_box_69e5e03930e76\" id=\"ld_icon_box_69e5e03930e76\"   >\n\t\n\t\t<div class=\"iconbox-icon-wrap\"><span class=\"iconbox-icon-container\"><i class=\"icon-arrows_check\"><\/i><\/span><\/div><!-- \/.iconbox-icon-wrap -->\t\n\t\t\n\t<div class=\"contents\">\t\n\t\t<p class=\"p1\"><span class=\"s1\">Un lit \u00e0 deux places,<\/span> <span class=\"s1\">Niche pour s&#8217;asseoir,<\/span> <span class=\"s1\">fauteuil \u00e0 oreilles, <\/span><span class=\"s4\">Bureau de travail,<\/span> <span class=\"s4\">Salle de bain<\/span> <span class=\"s4\">&amp;<\/span> <span class=\"s4\">WC<\/span><\/p>\n\t\t\n\t<\/div>\t\n\t\n<\/div>\n<style>.ld_icon_box_69e5e0393101c h3{margin-bottom:px;}.ld_icon_box_69e5e0393101c .iconbox-icon-container{border-radius:px;}<\/style>\n<div class=\"iconbox iconbox-side ld_icon_box_69e5e0393101c\" id=\"ld_icon_box_69e5e0393101c\"   >\n\t\n\t\t<div class=\"iconbox-icon-wrap\"><span class=\"iconbox-icon-container\"><i class=\"icon-arrows_check\"><\/i><\/span><\/div><!-- \/.iconbox-icon-wrap -->\t\n\t\t\n\t<div class=\"contents\">\t\n\t\t<p>\u00c0 partir de \u20ac 265,-\/nuit pour 2 personnes, y compris les frais d&#8217;h\u00e9bergement. Petit d\u00e9jeuner<\/p>\n\t\t\n\t<\/div>\t\n\t\n<\/div>\n[\/vc_column_inner][vc_column_inner width=&#8221;1\/3&#8243;][vc_masonry_media_grid element_width=&#8221;12&#8243; grid_id=&#8221;vc_gid:1715922661308-9ef53735-4cf0-3&#8243; include=&#8221;479&#8243;][\/vc_column_inner][\/vc_row_inner][vc_empty_space][vc_empty_space][\/vc_column][\/vc_row][vc_row][vc_column][vc_empty_space height=&#8221;100px&#8221;][\/vc_column][\/vc_row][vc_row][vc_column][vc_column_text]<\/p>\n<h2 style=\"text-align: center;\"><span style=\"font-size: 10px;\">Marrakech Boutique H\u00f4tel | Chambre Atelier de Lumi\u00e8res<\/span><\/h2>\n<p>[\/vc_column_text][vc_column_text]<\/p>\n<h2 style=\"text-align: center;\">Impressions<\/h2>\n<p>[\/vc_column_text][vc_empty_space height=&#8221;60px&#8221;][vc_media_grid style=&#8221;lazy&#8221; element_width=&#8221;2&#8243; gap=&#8221;10&#8243; grid_id=&#8221;vc_gid:1715922661309-8ac5e089-92f3-7&#8243; include=&#8221;412,1968,426,425,410,419,409,439,424,414,441,434,438,435,440,421,437,422,428,436,430,420,429&#8243;][\/vc_column][\/vc_row][vc_row][vc_column][vc_empty_space height=&#8221;200px&#8221;][\/vc_column][\/vc_row][vc_row][vc_column][vc_column_text]<\/p>\n<h2 style=\"text-align: center;\"><a href=\"https:\/\/www.riyadlionrouge.com\/fr\/reserver\/\"><span style=\"font-size: 10px;\">Marrakech Boutique H\u00f4tel<\/span><\/a><\/h2>\n<p>[\/vc_column_text][vc_column_text]<\/p>\n<h2 style=\"text-align: center;\">V\u00e9rifier les disponibilit\u00e9s<\/h2>\n<p>[\/vc_column_text][vc_empty_space height=&#8221;60px&#8221;][vc_raw_html]PGRpdiBpZD0icHJpY2VzRnJhbWUiPjwvZGl2Pgo8c2NyaXB0IHR5cGU9InRleHQvamF2YXNjcmlwdCIgc3JjPSIvL3d3dy5lYXN5LWJvb2tpbmcuYXQvZWJQbHVnaW5zL3ByaWNlcy9qcXVlcnkuZWFzeWJvb2tpbmcucHJpY2VsaXN0LnYyLmpzIj48L3NjcmlwdD4KPHNjcmlwdCB0eXBlPSJ0ZXh0L2phdmFzY3JpcHQiPgpmdW5jdGlvbiBlYlByaWNlc0xvYWRlZENoZWNrKCkgewogICAgaWYodHlwZW9mIGpRdWVyeSAhPSAidW5kZWZpbmVkIikgewogICAgICAgIGlmKGpRdWVyeS5mbi5lYlByaWNlbGlzdCkgewogICAgICAgICAgICBqUXVlcnkoIiNwcmljZXNGcmFtZSIpLmViUHJpY2VsaXN0KHsKICAgICAgICAgICAgICAgIGN1c3RvbWVySWQ6IDEwNzYyLAogICAgICAgICAgc2VyaWFsTm86ICI4Njc3LTg1MTAtNjUxOSIsCiAgICAgICAgICAgICAgICBsb2NhbGVJZDogMiwKICAgICAgICAgICAgICAgIGxvYWRDU1MgOiB0cnVlLAogICAgICAgICAgICAgICAgYXJyaXZhbERhdGUgOiAiIiwKICAgICAgICAgICAgICAgIGNhdGVnb3J5IDogIjE3IiwKICAgICAgICAgICAgICAgIHNob3dBdmFpbGFiaWxpdHk6IHRydWUsCiAgICAgICAgICAgICAgICBlbnF1aXJ5UGFnZSA6ICJwb3B1cCIsCiAgICAgICAgICAgICAgICBib29raW5nUGFnZSA6ICJwb3B1cCIsCiAgICAgICAgICAgICAgICBib29raW5nRW5naW5lOiAyCiAgICAgICAgICAgIH0pOwogICAgICAgIH0gZWxzZXtzZXRUaW1lb3V0KGViUHJpY2VzTG9hZGVkQ2hlY2ssMjAwKTt9CiAgICB9ZWxzZXtzZXRUaW1lb3V0KGViUHJpY2VzTG9hZGVkQ2hlY2ssMjAwKTt9Cn0KZWJQcmljZXNMb2FkZWRDaGVjaygpOwo8L3NjcmlwdD4=[\/vc_raw_html][\/vc_column][\/vc_row][vc_row][vc_column][vc_empty_space height=&#8221;120px&#8221;][\/vc_column][\/vc_row][vc_row][vc_column][vc_column_text]<\/p>\n<h2 style=\"text-align: left;\"><a href=\"https:\/\/www.riyadlionrouge.com\/fr\/lhotel\/\"><span style=\"font-size: 10px;\">Marrakech Boutique H\u00f4tel<\/span><\/a><\/h2>\n<p>[\/vc_column_text][vc_column_text]<\/p>\n<h2>Toutes les chambres<\/h2>\n<p>[\/vc_column_text][vc_empty_space height=&#8221;60px&#8221;][\/vc_column][\/vc_row][vc_row full_width=&#8221;stretch_row&#8221;][vc_column css=&#8221;.vc_custom_1701852379678{padding-left: 0px !important;}&#8221; responsive_css=&#8221;padding_left_large:11vw&#8221;]<div style=\"visibility: hidden;\" id=\"carousel-anything-1\" class=\"gambit-carousel-anything carousel-anything-container owl-ca-carousel  has-arrows ca-equal-height\" data-slide-anim=\"\" data-rtl=\"false\" data-items=\"1\"data-totalitems=\"2\" data-scroll_per_page=\"\" data-autoplay=\"5000\"data-items-tablet=\"1\" data-items-mobile=\"1\" data-stop-on-hover=\"\" data-speed-scroll=\"800\" data-speed-rewind=\"1000\"data-thumbnails=\"arrow\" data-navigation=\"true\" data-touchdrag=\"false\" data-keyboard=\"false\" data-alignment=\"50\"data-start=\"0\">[vc_row_inner][vc_column_inner width=&#8221;1\/4&#8243;][vc_single_image image=&#8221;229&#8243; img_size=&#8221;full&#8221;][vc_column_text]<span style=\"color: #c74242;\"><strong><span style=\"font-size: 32px;\">DES LIONS<\/span><\/strong><\/span>[\/vc_column_text][vc_column_text]2 personnes[\/vc_column_text][vc_empty_space height=&#8221;10px&#8221;]<style>.ld_button_69e5e0393124f.btn-icon-solid .btn-icon{background:rgb(0, 0, 0);}.ld_button_69e5e0393124f.btn-icon-circle.btn-icon-ripple .btn-icon:before{border-color:rgb(0, 0, 0);}.ld_button_69e5e0393124f.btn-icon-solid:hover .btn-icon{background:rgb(0, 0, 0);}.ld_button_69e5e0393124f{color:rgb(0, 0, 0);}.ld_button_69e5e0393124f:hover{color:rgb(0, 0, 0);}<\/style><a href=\"https:\/\/www.riyadlionrouge.com\/room1-des-lions\/\" title=\"DES LIONS\" class=\"btn btn-naked buttonright ld_button_69e5e0393124f vc_custom_1701280567350\">\n\t<span>\n\t\t\n\t\t\t\t\t<span class=\"btn-txt\">Zimmer ansehen<\/span>\n\t\t\t\n\t<span class=\"btn-icon\"><i class=\"icon-md-arrow-forward\"><\/i><\/span>\t\t\t<\/span>\n<\/a>\n[\/vc_column_inner][vc_column_inner width=&#8221;1\/4&#8243;][vc_single_image image=&#8221;324&#8243; img_size=&#8221;full&#8221;][vc_column_text]<span style=\"color: #c74242;\"><strong><span style=\"font-size: 32px;\">ALHAMBRA<\/span><\/strong><\/span>[\/vc_column_text][vc_column_text]2 personnes[\/vc_column_text][vc_empty_space height=&#8221;10px&#8221;]<style>.ld_button_69e5e0393186a.btn-icon-solid .btn-icon{background:rgb(0, 0, 0);}.ld_button_69e5e0393186a.btn-icon-circle.btn-icon-ripple .btn-icon:before{border-color:rgb(0, 0, 0);}.ld_button_69e5e0393186a.btn-icon-solid:hover .btn-icon{background:rgb(0, 0, 0);}.ld_button_69e5e0393186a{color:rgb(0, 0, 0);}.ld_button_69e5e0393186a:hover{color:rgb(0, 0, 0);}<\/style><a href=\"https:\/\/www.riyadlionrouge.com\/room2-alhambra\/\" title=\"ALHAMBRA\" class=\"btn btn-naked buttonright ld_button_69e5e0393186a vc_custom_1701280629839\">\n\t<span>\n\t\t\n\t\t\t\t\t<span class=\"btn-txt\">Zimmer ansehen<\/span>\n\t\t\t\n\t<span class=\"btn-icon\"><i class=\"icon-md-arrow-forward\"><\/i><\/span>\t\t\t<\/span>\n<\/a>\n[\/vc_column_inner][vc_column_inner width=&#8221;1\/4&#8243;][vc_single_image image=&#8221;335&#8243; img_size=&#8221;full&#8221;][vc_column_text]<span style=\"color: #c74242;\"><strong><span style=\"font-size: 32px;\">L&#8217;ORIENT<\/span><\/strong><\/span>[\/vc_column_text][vc_column_text]2 personnes[\/vc_column_text][vc_empty_space height=&#8221;10px&#8221;]<style>.ld_button_69e5e03932006.btn-icon-solid .btn-icon{background:rgb(0, 0, 0);}.ld_button_69e5e03932006.btn-icon-circle.btn-icon-ripple .btn-icon:before{border-color:rgb(0, 0, 0);}.ld_button_69e5e03932006.btn-icon-solid:hover .btn-icon{background:rgb(0, 0, 0);}.ld_button_69e5e03932006{color:rgb(0, 0, 0);}.ld_button_69e5e03932006:hover{color:rgb(0, 0, 0);}<\/style><a href=\"https:\/\/www.riyadlionrouge.com\/room3-lorient\/\" title=\"L\u2019ORIENT\" class=\"btn btn-naked buttonright ld_button_69e5e03932006 vc_custom_1701280681593\">\n\t<span>\n\t\t\n\t\t\t\t\t<span class=\"btn-txt\">Zimmer ansehen<\/span>\n\t\t\t\n\t<span class=\"btn-icon\"><i class=\"icon-md-arrow-forward\"><\/i><\/span>\t\t\t<\/span>\n<\/a>\n[\/vc_column_inner][vc_column_inner width=&#8221;1\/4&#8243;][vc_single_image image=&#8221;363&#8243; img_size=&#8221;full&#8221;][vc_column_text]<span style=\"color: #c74242;\"><strong><span style=\"font-size: 32px;\">DEUX JARDIN<\/span><\/strong><\/span>[\/vc_column_text][vc_column_text]2 personnes[\/vc_column_text][vc_empty_space height=&#8221;10px&#8221;]<style>.ld_button_69e5e0393225e.btn-icon-solid .btn-icon{background:rgb(0, 0, 0);}.ld_button_69e5e0393225e.btn-icon-circle.btn-icon-ripple .btn-icon:before{border-color:rgb(0, 0, 0);}.ld_button_69e5e0393225e.btn-icon-solid:hover .btn-icon{background:rgb(0, 0, 0);}.ld_button_69e5e0393225e{color:rgb(0, 0, 0);}.ld_button_69e5e0393225e:hover{color:rgb(0, 0, 0);}<\/style><a href=\"https:\/\/www.riyadlionrouge.com\/room4-deux-jardin\/\" title=\"DEUX JARDIN\" class=\"btn btn-naked buttonright ld_button_69e5e0393225e vc_custom_1701280713269\">\n\t<span>\n\t\t\n\t\t\t\t\t<span class=\"btn-txt\">Zimmer ansehen<\/span>\n\t\t\t\n\t<span class=\"btn-icon\"><i class=\"icon-md-arrow-forward\"><\/i><\/span>\t\t\t<\/span>\n<\/a>\n[\/vc_column_inner][\/vc_row_inner][vc_row_inner][vc_column_inner width=&#8221;1\/4&#8243;][vc_single_image image=&#8221;381&#8243; img_size=&#8221;full&#8221;][vc_column_text]<span style=\"color: #c74242;\"><strong><span style=\"font-size: 32px;\">ATELIER DE HAMMAM<\/span><\/strong><\/span>[\/vc_column_text][vc_column_text]3 personnes[\/vc_column_text][vc_empty_space height=&#8221;10px&#8221;]<style>.ld_button_69e5e0393236b.btn-icon-solid .btn-icon{background:rgb(0, 0, 0);}.ld_button_69e5e0393236b.btn-icon-circle.btn-icon-ripple .btn-icon:before{border-color:rgb(0, 0, 0);}.ld_button_69e5e0393236b.btn-icon-solid:hover .btn-icon{background:rgb(0, 0, 0);}.ld_button_69e5e0393236b{color:rgb(0, 0, 0);}.ld_button_69e5e0393236b:hover{color:rgb(0, 0, 0);}<\/style><a href=\"https:\/\/www.riyadlionrouge.com\/room5-atelier-de-hamam\/\" title=\"atelier de hamam\" class=\"btn btn-naked buttonright ld_button_69e5e0393236b vc_custom_1701280830665\">\n\t<span>\n\t\t\n\t\t\t\t\t<span class=\"btn-txt\">Zimmer ansehen<\/span>\n\t\t\t\n\t<span class=\"btn-icon\"><i class=\"icon-md-arrow-forward\"><\/i><\/span>\t\t\t<\/span>\n<\/a>\n[\/vc_column_inner][vc_column_inner width=&#8221;1\/4&#8243;][vc_single_image image=&#8221;1340&#8243; img_size=&#8221;full&#8221;][vc_column_text]<span style=\"color: #c74242;\"><strong><span style=\"font-size: 32px;\">DU SOLEIL<\/span><\/strong><\/span>[\/vc_column_text][vc_column_text]2 personnes[\/vc_column_text][vc_empty_space height=&#8221;10px&#8221;]<style>.ld_button_69e5e0393247b.btn-icon-solid .btn-icon{background:rgb(0, 0, 0);}.ld_button_69e5e0393247b.btn-icon-circle.btn-icon-ripple .btn-icon:before{border-color:rgb(0, 0, 0);}.ld_button_69e5e0393247b.btn-icon-solid:hover .btn-icon{background:rgb(0, 0, 0);}.ld_button_69e5e0393247b{color:rgb(0, 0, 0);}.ld_button_69e5e0393247b:hover{color:rgb(0, 0, 0);}<\/style><a href=\"https:\/\/www.riyadlionrouge.com\/room6-du-soleil\/\" title=\"DU SOLEIL\" class=\"btn btn-naked buttonright ld_button_69e5e0393247b vc_custom_1701280857468\">\n\t<span>\n\t\t\n\t\t\t\t\t<span class=\"btn-txt\">Zimmer ansehen<\/span>\n\t\t\t\n\t<span class=\"btn-icon\"><i class=\"icon-md-arrow-forward\"><\/i><\/span>\t\t\t<\/span>\n<\/a>\n[\/vc_column_inner][vc_column_inner width=&#8221;1\/4&#8243;][vc_single_image image=&#8221;412&#8243; img_size=&#8221;full&#8221;][vc_column_text]<span style=\"color: #c74242;\"><strong><span style=\"font-size: 32px;\">ATELIER DES LUMI\u00c8RES<\/span><\/strong><\/span>[\/vc_column_text][vc_column_text]2 personnes[\/vc_column_text][vc_empty_space height=&#8221;10px&#8221;]<style>.ld_button_69e5e0393256b.btn-icon-solid .btn-icon{background:rgb(0, 0, 0);}.ld_button_69e5e0393256b.btn-icon-circle.btn-icon-ripple .btn-icon:before{border-color:rgb(0, 0, 0);}.ld_button_69e5e0393256b.btn-icon-solid:hover .btn-icon{background:rgb(0, 0, 0);}.ld_button_69e5e0393256b{color:rgb(0, 0, 0);}.ld_button_69e5e0393256b:hover{color:rgb(0, 0, 0);}<\/style><a href=\"https:\/\/www.riyadlionrouge.com\/room7-atelier-des-lumieres\/\" title=\"ATELIER DES LUMI\u00c8RES\" class=\"btn btn-naked buttonright ld_button_69e5e0393256b vc_custom_1701280890492\">\n\t<span>\n\t\t\n\t\t\t\t\t<span class=\"btn-txt\">Zimmer ansehen<\/span>\n\t\t\t\n\t<span class=\"btn-icon\"><i class=\"icon-md-arrow-forward\"><\/i><\/span>\t\t\t<\/span>\n<\/a>\n[\/vc_column_inner][vc_column_inner width=&#8221;1\/4&#8243;][vc_single_image image=&#8221;450&#8243; img_size=&#8221;full&#8221;][vc_column_text]<span style=\"color: #c74242;\"><strong><span style=\"font-size: 32px;\">ALHAYAT<\/span><\/strong><\/span>[\/vc_column_text][vc_column_text]2 personnes[\/vc_column_text][vc_empty_space height=&#8221;10px&#8221;]<style>.ld_button_69e5e0393265f.btn-icon-solid .btn-icon{background:rgb(0, 0, 0);}.ld_button_69e5e0393265f.btn-icon-circle.btn-icon-ripple .btn-icon:before{border-color:rgb(0, 0, 0);}.ld_button_69e5e0393265f.btn-icon-solid:hover .btn-icon{background:rgb(0, 0, 0);}.ld_button_69e5e0393265f{color:rgb(0, 0, 0);}.ld_button_69e5e0393265f:hover{color:rgb(0, 0, 0);}<\/style><a href=\"https:\/\/www.riyadlionrouge.com\/room8-alhayat\/\" title=\"ALHAYAT\" class=\"btn btn-naked buttonright ld_button_69e5e0393265f vc_custom_1701280951741\">\n\t<span>\n\t\t\n\t\t\t\t\t<span class=\"btn-txt\">Zimmer ansehen<\/span>\n\t\t\t\n\t<span class=\"btn-icon\"><i class=\"icon-md-arrow-forward\"><\/i><\/span>\t\t\t<\/span>\n<\/a>\n[\/vc_column_inner][\/vc_row_inner]<\/div>[\/vc_column][\/vc_row]<\/p>\n<\/section>","protected":false},"excerpt":{"rendered":"<p>[vc_row full_width=&#8221;stretch_row&#8221; gap=&#8221;0&#8243; responsive_css=&#8221;margin_bottom_large:0px&#8221; css=&#8221;.vc_custom_1701852353982{margin-bottom: 50px !important;}&#8221;][vc_column width=&#8221;1\/4&#8243;][vc_empty_space height=&#8221;75px&#8221;][vc_column_text el_class=&#8221;hidemobile&#8221;][\/vc_column_text][\/vc_column][vc_column width=&#8221;3\/4&#8243; css=&#8221;.vc_custom_1701448629694{background-image: url(https:\/\/www.riyadlionrouge.com\/wp-content\/uploads\/2023\/12\/riyad-lion-rouge-room-atelier-des-lumieres-19.webp?id=427) !important;background-position: center&#8230;<\/p>\n","protected":false},"author":2,"featured_media":0,"parent":0,"menu_order":7,"comment_status":"closed","ping_status":"closed","template":"","meta":{"inline_featured_image":false,"wp_popup_display_lightbox":0,"wp_popup_suppress":"","wp_popup_trigger":"","wp_popup_trigger_amount":0,"wp_popup_disable_on_mobile":false,"footnotes":""},"_links":{"self":[{"href":"https:\/\/www.riyadlionrouge.com\/fr\/wp-json\/wp\/v2\/pages\/1308"}],"collection":[{"href":"https:\/\/www.riyadlionrouge.com\/fr\/wp-json\/wp\/v2\/pages"}],"about":[{"href":"https:\/\/www.riyadlionrouge.com\/fr\/wp-json\/wp\/v2\/types\/page"}],"author":[{"embeddable":true,"href":"https:\/\/www.riyadlionrouge.com\/fr\/wp-json\/wp\/v2\/users\/2"}],"replies":[{"embeddable":true,"href":"https:\/\/www.riyadlionrouge.com\/fr\/wp-json\/wp\/v2\/comments?post=1308"}],"version-history":[{"count":13,"href":"https:\/\/www.riyadlionrouge.com\/fr\/wp-json\/wp\/v2\/pages\/1308\/revisions"}],"predecessor-version":[{"id":2054,"href":"https:\/\/www.riyadlionrouge.com\/fr\/wp-json\/wp\/v2\/pages\/1308\/revisions\/2054"}],"wp:attachment":[{"href":"https:\/\/www.riyadlionrouge.com\/fr\/wp-json\/wp\/v2\/media?parent=1308"}],"curies":[{"name":"wp","href":"https:\/\/api.w.org\/{rel}","templated":true}]}}