{"id":1307,"date":"2023-11-29T16:44:25","date_gmt":"2023-11-29T16:44:25","guid":{"rendered":"https:\/\/www.riyadlionrouge.com\/lorient\/"},"modified":"2024-05-17T06:52:53","modified_gmt":"2024-05-17T06:52:53","slug":"lorient","status":"publish","type":"page","link":"https:\/\/www.riyadlionrouge.com\/fr\/lorient\/","title":{"rendered":"L&#8217;ORIENT"},"content":{"rendered":"<section class=\"wpb-content-wrapper\"><p>[vc_row full_width=&#8221;stretch_row&#8221; gap=&#8221;0&#8243; responsive_css=&#8221;margin_bottom_large:0px&#8221; css=&#8221;.vc_custom_1701851841462{margin-bottom: 50px !important;}&#8221;][vc_column width=&#8221;1\/4&#8243;][vc_empty_space height=&#8221;75px&#8221;][vc_column_text el_class=&#8221;hidemobile&#8221;]<img decoding=\"async\" class=\"wp-image-25 aligncenter\" src=\"https:\/\/www.riyadlionrouge.com\/wp-content\/uploads\/2023\/11\/logo-176x300.png\" alt=\"\" width=\"103\" height=\"176\" srcset=\"https:\/\/www.riyadlionrouge.com\/wp-content\/uploads\/2023\/11\/logo-176x300.png 176w, https:\/\/www.riyadlionrouge.com\/wp-content\/uploads\/2023\/11\/logo.png 217w\" sizes=\"(max-width: 103px) 100vw, 103px\" \/>[\/vc_column_text][\/vc_column][vc_column width=&#8221;3\/4&#8243; css=&#8221;.vc_custom_1701446369677{background-image: url(https:\/\/www.riyadlionrouge.com\/wp-content\/uploads\/2023\/12\/riyad-lion-rouge-room-l-orient4.webp?id=334) !important;background-position: center !important;background-repeat: no-repeat !important;background-size: cover !important;}&#8221;][vc_empty_space height=&#8221;400px&#8221;][\/vc_column][\/vc_row][vc_row row_hide=&#8221;hidden-xs hidden-sm&#8221;][vc_column][vc_empty_space height=&#8221;320px&#8221;][\/vc_column][\/vc_row][vc_row full_width=&#8221;stretch_row&#8221; el_class=&#8221;reverse&#8221;][vc_column width=&#8221;1\/2&#8243; css=&#8221;.vc_custom_1701851866109{padding-right: 0px !important;padding-left: 0px !important;}&#8221; responsive_css=&#8221;padding_right_large:3vw|padding_left_large:10vw&#8221;][vc_row_inner][vc_column_inner width=&#8221;2\/3&#8243; css=&#8221;.vc_custom_1701198223227{margin-top: -90px !important;}&#8221;][vc_single_image image=&#8221;343&#8243; img_size=&#8221;full&#8221;][\/vc_column_inner][vc_column_inner width=&#8221;1\/3&#8243;][vc_single_image image=&#8221;353&#8243; img_size=&#8221;full&#8221;][\/vc_column_inner][\/vc_row_inner][vc_row_inner][vc_column_inner][vc_single_image image=&#8221;341&#8243; img_size=&#8221;full&#8221;][\/vc_column_inner][\/vc_row_inner][\/vc_column][vc_column width=&#8221;1\/2&#8243; css=&#8221;.vc_custom_1701198301765{padding-right: 11vw !important;}&#8221;][vc_column_text]<\/p>\n<h1 style=\"text-align: center;\"><span style=\"font-size: 10px;\">H\u00f4tel Marrakech centre<\/span><\/h1>\n<p>[\/vc_column_text][vc_column_text]<\/p>\n<h2>La chambre<br \/>\n<span style=\"color: #c74242;\">L&#8217;ORIENT<\/span><\/h2>\n<p>[\/vc_column_text][vc_empty_space][vc_column_text el_class=&#8221;textlineheight&#8221;]Cette suite de 45m2 orient\u00e9e vers l&#8217;est avec un balcon spacieux (18m2) invite tous les astronomes \u00e0 admirer le ciel nocturne. Le grand lit double, le chauffage au sol ainsi que le coin salon et les meubles confortables invitent \u00e0 la d\u00e9tente. Les couleurs du Maroc sont particuli\u00e8rement mises en valeur dans la salle de bains.[\/vc_column_text][vc_empty_space][vc_row_inner][vc_column_inner width=&#8221;2\/3&#8243;]<style>.ld_icon_box_69e23c5f31f14 h3{margin-bottom:px;}.ld_icon_box_69e23c5f31f14 .iconbox-icon-container{border-radius:px;}<\/style>\n<div class=\"iconbox iconbox-side ld_icon_box_69e23c5f31f14\" id=\"ld_icon_box_69e23c5f31f14\"   >\n\t\n\t\t<div class=\"iconbox-icon-wrap\"><span class=\"iconbox-icon-container\"><i class=\"icon-arrows_check\"><\/i><\/span><\/div><!-- \/.iconbox-icon-wrap -->\t\n\t\t\n\t<div class=\"contents\">\t\n\t\t<p>45 m2 + 18 m2 de balcon \u00e0 l&#8217;\u00e9tage<\/p>\n\t\t\n\t<\/div>\t\n\t\n<\/div>\n<style>.ld_icon_box_69e23c5f327b8 h3{margin-bottom:px;}.ld_icon_box_69e23c5f327b8 .iconbox-icon-container{border-radius:px;}<\/style>\n<div class=\"iconbox iconbox-side ld_icon_box_69e23c5f327b8\" id=\"ld_icon_box_69e23c5f327b8\"   >\n\t\n\t\t<div class=\"iconbox-icon-wrap\"><span class=\"iconbox-icon-container\"><i class=\"icon-arrows_check\"><\/i><\/span><\/div><!-- \/.iconbox-icon-wrap -->\t\n\t\t\n\t<div class=\"contents\">\t\n\t\t<p>Avec un balcon spacieux<\/p>\n\t\t\n\t<\/div>\t\n\t\n<\/div>\n<style>.ld_icon_box_69e23c5f32cc5 h3{margin-bottom:px;}.ld_icon_box_69e23c5f32cc5 .iconbox-icon-container{border-radius:px;}<\/style>\n<div class=\"iconbox iconbox-side ld_icon_box_69e23c5f32cc5\" id=\"ld_icon_box_69e23c5f32cc5\"   >\n\t\n\t\t<div class=\"iconbox-icon-wrap\"><span class=\"iconbox-icon-container\"><i class=\"icon-arrows_check\"><\/i><\/span><\/div><!-- \/.iconbox-icon-wrap -->\t\n\t\t\n\t<div class=\"contents\">\t\n\t\t<p>Pour 2 personnes<\/p>\n\t\t\n\t<\/div>\t\n\t\n<\/div>\n<style>.ld_icon_box_69e23c5f32e38 h3{margin-bottom:px;}.ld_icon_box_69e23c5f32e38 .iconbox-icon-container{border-radius:px;}<\/style>\n<div class=\"iconbox iconbox-side ld_icon_box_69e23c5f32e38\" id=\"ld_icon_box_69e23c5f32e38\"   >\n\t\n\t\t<div class=\"iconbox-icon-wrap\"><span class=\"iconbox-icon-container\"><i class=\"icon-arrows_check\"><\/i><\/span><\/div><!-- \/.iconbox-icon-wrap -->\t\n\t\t\n\t<div class=\"contents\">\t\n\t\t<p>Lit double, coin salon, fauteuil \u00e0 oreilles, salle de bain &amp; WC<\/p>\n\t\t\n\t<\/div>\t\n\t\n<\/div>\n<style>.ld_icon_box_69e23c5f32ef9 h3{margin-bottom:px;}.ld_icon_box_69e23c5f32ef9 .iconbox-icon-container{border-radius:px;}<\/style>\n<div class=\"iconbox iconbox-side ld_icon_box_69e23c5f32ef9\" id=\"ld_icon_box_69e23c5f32ef9\"   >\n\t\n\t\t<div class=\"iconbox-icon-wrap\"><span class=\"iconbox-icon-container\"><i class=\"icon-arrows_check\"><\/i><\/span><\/div><!-- \/.iconbox-icon-wrap -->\t\n\t\t\n\t<div class=\"contents\">\t\n\t\t<p>A partir de \u20ac 320,-\/nuit pour 2 personnes incl. Petit d\u00e9jeuner<\/p>\n\t\t\n\t<\/div>\t\n\t\n<\/div>\n[\/vc_column_inner][vc_column_inner width=&#8221;1\/3&#8243;][vc_masonry_media_grid element_width=&#8221;12&#8243; grid_id=&#8221;vc_gid:1715922647251-7ca622f9-140c-8&#8243; include=&#8221;463&#8243;][\/vc_column_inner][\/vc_row_inner][vc_empty_space][\/vc_column][\/vc_row][vc_row][vc_column][vc_empty_space height=&#8221;200px&#8221;][\/vc_column][\/vc_row][vc_row][vc_column][vc_column_text]<\/p>\n<h2 style=\"text-align: center;\"><span style=\"font-size: 10px;\">H\u00f4tel Marrakech centre<\/span><\/h2>\n<p>[\/vc_column_text][vc_column_text]<\/p>\n<h2 style=\"text-align: center;\">Impressions<\/h2>\n<p>[\/vc_column_text][vc_empty_space height=&#8221;60px&#8221;][vc_media_grid element_width=&#8221;2&#8243; gap=&#8221;10&#8243; grid_id=&#8221;vc_gid:1715922647253-89a526af-f0f8-9&#8243; include=&#8221;349,338,350,351,1965,340,339,336,346,353,352,345,347,354,341,342&#8243;][\/vc_column][\/vc_row][vc_row][vc_column][vc_empty_space height=&#8221;200px&#8221;][\/vc_column][\/vc_row][vc_row][vc_column][vc_column_text]<\/p>\n<h2 style=\"text-align: center;\"><a href=\"https:\/\/www.riyadlionrouge.com\/fr\/reserver\/\"><span style=\"font-size: 10px;\">H\u00f4tel Marrakech centre<\/span><\/a><\/h2>\n<p>[\/vc_column_text][vc_column_text]<\/p>\n<h2 style=\"text-align: center;\">V\u00e9rifier les disponibilit\u00e9s<\/h2>\n<p>[\/vc_column_text][vc_empty_space height=&#8221;60px&#8221;][vc_raw_html]PGRpdiBpZD0icHJpY2VzRnJhbWUiPjwvZGl2Pgo8c2NyaXB0IHR5cGU9InRleHQvamF2YXNjcmlwdCIgc3JjPSIvL3d3dy5lYXN5LWJvb2tpbmcuYXQvZWJQbHVnaW5zL3ByaWNlcy9qcXVlcnkuZWFzeWJvb2tpbmcucHJpY2VsaXN0LnYyLmpzIj48L3NjcmlwdD4KPHNjcmlwdCB0eXBlPSJ0ZXh0L2phdmFzY3JpcHQiPgpmdW5jdGlvbiBlYlByaWNlc0xvYWRlZENoZWNrKCkgewogICAgaWYodHlwZW9mIGpRdWVyeSAhPSAidW5kZWZpbmVkIikgewogICAgICAgIGlmKGpRdWVyeS5mbi5lYlByaWNlbGlzdCkgewogICAgICAgICAgICBqUXVlcnkoIiNwcmljZXNGcmFtZSIpLmViUHJpY2VsaXN0KHsKICAgICAgICAgICAgICAgIGN1c3RvbWVySWQ6IDEwNzYyLAogICAgICAgICAgc2VyaWFsTm86ICI4Njc3LTg1MTAtNjUxOSIsCiAgICAgICAgICAgICAgICBsb2NhbGVJZDogMiwKICAgICAgICAgICAgICAgIGxvYWRDU1MgOiB0cnVlLAogICAgICAgICAgICAgICAgYXJyaXZhbERhdGUgOiAiIiwKICAgICAgICAgICAgICAgIGNhdGVnb3J5IDogIjEzIiwKICAgICAgICAgICAgICAgIHNob3dBdmFpbGFiaWxpdHk6IHRydWUsCiAgICAgICAgICAgICAgICBlbnF1aXJ5UGFnZSA6ICJwb3B1cCIsCiAgICAgICAgICAgICAgICBib29raW5nUGFnZSA6ICJwb3B1cCIsCiAgICAgICAgICAgICAgICBib29raW5nRW5naW5lOiAyCiAgICAgICAgICAgIH0pOwogICAgICAgIH0gZWxzZXtzZXRUaW1lb3V0KGViUHJpY2VzTG9hZGVkQ2hlY2ssMjAwKTt9CiAgICB9ZWxzZXtzZXRUaW1lb3V0KGViUHJpY2VzTG9hZGVkQ2hlY2ssMjAwKTt9Cn0KZWJQcmljZXNMb2FkZWRDaGVjaygpOwo8L3NjcmlwdD4=[\/vc_raw_html][\/vc_column][\/vc_row][vc_row][vc_column][vc_empty_space height=&#8221;120px&#8221;][\/vc_column][\/vc_row][vc_row][vc_column][vc_column_text]<\/p>\n<h2 style=\"text-align: left;\"><a href=\"https:\/\/www.riyadlionrouge.com\/fr\/lhotel\/\"><span style=\"font-size: 10px;\">H\u00f4tel Marrakech centre<\/span><\/a><\/h2>\n<p>[\/vc_column_text][vc_column_text]<\/p>\n<h2>Toutes les chambres<\/h2>\n<p>[\/vc_column_text][vc_empty_space height=&#8221;60px&#8221;][\/vc_column][\/vc_row][vc_row full_width=&#8221;stretch_row&#8221;][vc_column css=&#8221;.vc_custom_1701851875209{padding-left: 0px !important;}&#8221; responsive_css=&#8221;padding_left_large:11vw&#8221;]<div style=\"visibility: hidden;\" id=\"carousel-anything-1\" class=\"gambit-carousel-anything carousel-anything-container owl-ca-carousel  has-arrows ca-equal-height\" data-slide-anim=\"\" data-rtl=\"false\" data-items=\"1\"data-totalitems=\"2\" data-scroll_per_page=\"\" data-autoplay=\"5000\"data-items-tablet=\"1\" data-items-mobile=\"1\" data-stop-on-hover=\"\" data-speed-scroll=\"800\" data-speed-rewind=\"1000\"data-thumbnails=\"arrow\" data-navigation=\"true\" data-touchdrag=\"false\" data-keyboard=\"false\" data-alignment=\"50\"data-start=\"0\">[vc_row_inner][vc_column_inner width=&#8221;1\/4&#8243;][vc_single_image image=&#8221;229&#8243; img_size=&#8221;full&#8221;][vc_column_text]<span style=\"color: #c74242;\"><strong><span style=\"font-size: 32px;\">DES LIONS<\/span><\/strong><\/span>[\/vc_column_text][vc_column_text]2 personnes[\/vc_column_text][vc_empty_space height=&#8221;10px&#8221;]<style>.ld_button_69e23c5f3302a.btn-icon-solid .btn-icon{background:rgb(0, 0, 0);}.ld_button_69e23c5f3302a.btn-icon-circle.btn-icon-ripple .btn-icon:before{border-color:rgb(0, 0, 0);}.ld_button_69e23c5f3302a.btn-icon-solid:hover .btn-icon{background:rgb(0, 0, 0);}.ld_button_69e23c5f3302a{color:rgb(0, 0, 0);}.ld_button_69e23c5f3302a:hover{color:rgb(0, 0, 0);}<\/style><a href=\"https:\/\/www.riyadlionrouge.com\/room1-des-lions\/\" title=\"DES LIONS\" class=\"btn btn-naked buttonright ld_button_69e23c5f3302a vc_custom_1701280567350\">\n\t<span>\n\t\t\n\t\t\t\t\t<span class=\"btn-txt\">Zimmer ansehen<\/span>\n\t\t\t\n\t<span class=\"btn-icon\"><i class=\"icon-md-arrow-forward\"><\/i><\/span>\t\t\t<\/span>\n<\/a>\n[\/vc_column_inner][vc_column_inner width=&#8221;1\/4&#8243;][vc_single_image image=&#8221;324&#8243; img_size=&#8221;full&#8221;][vc_column_text]<span style=\"color: #c74242;\"><strong><span style=\"font-size: 32px;\">ALHAMBRA<\/span><\/strong><\/span>[\/vc_column_text][vc_column_text]2 personnes[\/vc_column_text][vc_empty_space height=&#8221;10px&#8221;]<style>.ld_button_69e23c5f33358.btn-icon-solid .btn-icon{background:rgb(0, 0, 0);}.ld_button_69e23c5f33358.btn-icon-circle.btn-icon-ripple .btn-icon:before{border-color:rgb(0, 0, 0);}.ld_button_69e23c5f33358.btn-icon-solid:hover .btn-icon{background:rgb(0, 0, 0);}.ld_button_69e23c5f33358{color:rgb(0, 0, 0);}.ld_button_69e23c5f33358:hover{color:rgb(0, 0, 0);}<\/style><a href=\"https:\/\/www.riyadlionrouge.com\/room2-alhambra\/\" title=\"ALHAMBRA\" class=\"btn btn-naked buttonright ld_button_69e23c5f33358 vc_custom_1701280629839\">\n\t<span>\n\t\t\n\t\t\t\t\t<span class=\"btn-txt\">Zimmer ansehen<\/span>\n\t\t\t\n\t<span class=\"btn-icon\"><i class=\"icon-md-arrow-forward\"><\/i><\/span>\t\t\t<\/span>\n<\/a>\n[\/vc_column_inner][vc_column_inner width=&#8221;1\/4&#8243;][vc_single_image image=&#8221;335&#8243; img_size=&#8221;full&#8221;][vc_column_text]<span style=\"color: #c74242;\"><strong><span style=\"font-size: 32px;\">L&#8217;ORIENT<\/span><\/strong><\/span>[\/vc_column_text][vc_column_text]2 personnes[\/vc_column_text][vc_empty_space height=&#8221;10px&#8221;]<style>.ld_button_69e23c5f337fe.btn-icon-solid .btn-icon{background:rgb(0, 0, 0);}.ld_button_69e23c5f337fe.btn-icon-circle.btn-icon-ripple .btn-icon:before{border-color:rgb(0, 0, 0);}.ld_button_69e23c5f337fe.btn-icon-solid:hover .btn-icon{background:rgb(0, 0, 0);}.ld_button_69e23c5f337fe{color:rgb(0, 0, 0);}.ld_button_69e23c5f337fe:hover{color:rgb(0, 0, 0);}<\/style><a href=\"https:\/\/www.riyadlionrouge.com\/room3-lorient\/\" title=\"L\u2019ORIENT\" class=\"btn btn-naked buttonright ld_button_69e23c5f337fe vc_custom_1701280681593\">\n\t<span>\n\t\t\n\t\t\t\t\t<span class=\"btn-txt\">Zimmer ansehen<\/span>\n\t\t\t\n\t<span class=\"btn-icon\"><i class=\"icon-md-arrow-forward\"><\/i><\/span>\t\t\t<\/span>\n<\/a>\n[\/vc_column_inner][vc_column_inner width=&#8221;1\/4&#8243;][vc_single_image image=&#8221;363&#8243; img_size=&#8221;full&#8221;][vc_column_text]<span style=\"color: #c74242;\"><strong><span style=\"font-size: 32px;\">DEUX JARDIN<\/span><\/strong><\/span>[\/vc_column_text][vc_column_text]2 personnes[\/vc_column_text][vc_empty_space height=&#8221;10px&#8221;]<style>.ld_button_69e23c5f3394b.btn-icon-solid .btn-icon{background:rgb(0, 0, 0);}.ld_button_69e23c5f3394b.btn-icon-circle.btn-icon-ripple .btn-icon:before{border-color:rgb(0, 0, 0);}.ld_button_69e23c5f3394b.btn-icon-solid:hover .btn-icon{background:rgb(0, 0, 0);}.ld_button_69e23c5f3394b{color:rgb(0, 0, 0);}.ld_button_69e23c5f3394b:hover{color:rgb(0, 0, 0);}<\/style><a href=\"https:\/\/www.riyadlionrouge.com\/room4-deux-jardin\/\" title=\"DEUX JARDIN\" class=\"btn btn-naked buttonright ld_button_69e23c5f3394b vc_custom_1701280713269\">\n\t<span>\n\t\t\n\t\t\t\t\t<span class=\"btn-txt\">Zimmer ansehen<\/span>\n\t\t\t\n\t<span class=\"btn-icon\"><i class=\"icon-md-arrow-forward\"><\/i><\/span>\t\t\t<\/span>\n<\/a>\n[\/vc_column_inner][\/vc_row_inner][vc_row_inner][vc_column_inner width=&#8221;1\/4&#8243;][vc_single_image image=&#8221;381&#8243; img_size=&#8221;full&#8221;][vc_column_text]<span style=\"color: #c74242;\"><strong><span style=\"font-size: 32px;\">ATELIER DE HAMMAM<\/span><\/strong><\/span>[\/vc_column_text][vc_column_text]3 personnes[\/vc_column_text][vc_empty_space height=&#8221;10px&#8221;]<style>.ld_button_69e23c5f339da.btn-icon-solid .btn-icon{background:rgb(0, 0, 0);}.ld_button_69e23c5f339da.btn-icon-circle.btn-icon-ripple .btn-icon:before{border-color:rgb(0, 0, 0);}.ld_button_69e23c5f339da.btn-icon-solid:hover .btn-icon{background:rgb(0, 0, 0);}.ld_button_69e23c5f339da{color:rgb(0, 0, 0);}.ld_button_69e23c5f339da:hover{color:rgb(0, 0, 0);}<\/style><a href=\"https:\/\/www.riyadlionrouge.com\/room5-atelier-de-hamam\/\" title=\"atelier de hamam\" class=\"btn btn-naked buttonright ld_button_69e23c5f339da vc_custom_1701280830665\">\n\t<span>\n\t\t\n\t\t\t\t\t<span class=\"btn-txt\">Zimmer ansehen<\/span>\n\t\t\t\n\t<span class=\"btn-icon\"><i class=\"icon-md-arrow-forward\"><\/i><\/span>\t\t\t<\/span>\n<\/a>\n[\/vc_column_inner][vc_column_inner width=&#8221;1\/4&#8243;][vc_single_image image=&#8221;399&#8243; img_size=&#8221;full&#8221;][vc_column_text]<span style=\"color: #c74242;\"><strong><span style=\"font-size: 32px;\">DU SOLEIL<\/span><\/strong><\/span>[\/vc_column_text][vc_column_text]2 personnes[\/vc_column_text][vc_empty_space height=&#8221;10px&#8221;]<style>.ld_button_69e23c5f33a57.btn-icon-solid .btn-icon{background:rgb(0, 0, 0);}.ld_button_69e23c5f33a57.btn-icon-circle.btn-icon-ripple .btn-icon:before{border-color:rgb(0, 0, 0);}.ld_button_69e23c5f33a57.btn-icon-solid:hover .btn-icon{background:rgb(0, 0, 0);}.ld_button_69e23c5f33a57{color:rgb(0, 0, 0);}.ld_button_69e23c5f33a57:hover{color:rgb(0, 0, 0);}<\/style><a href=\"https:\/\/www.riyadlionrouge.com\/room6-du-soleil\/\" title=\"DU SOLEIL\" class=\"btn btn-naked buttonright ld_button_69e23c5f33a57 vc_custom_1701280857468\">\n\t<span>\n\t\t\n\t\t\t\t\t<span class=\"btn-txt\">Zimmer ansehen<\/span>\n\t\t\t\n\t<span class=\"btn-icon\"><i class=\"icon-md-arrow-forward\"><\/i><\/span>\t\t\t<\/span>\n<\/a>\n[\/vc_column_inner][vc_column_inner width=&#8221;1\/4&#8243;][vc_single_image image=&#8221;412&#8243; img_size=&#8221;full&#8221;][vc_column_text]<span style=\"color: #c74242;\"><strong><span style=\"font-size: 32px;\">ATELIER DES LUMI\u00c8RES<\/span><\/strong><\/span>[\/vc_column_text][vc_column_text]2 personnes[\/vc_column_text][vc_empty_space height=&#8221;10px&#8221;]<style>.ld_button_69e23c5f33acf.btn-icon-solid .btn-icon{background:rgb(0, 0, 0);}.ld_button_69e23c5f33acf.btn-icon-circle.btn-icon-ripple .btn-icon:before{border-color:rgb(0, 0, 0);}.ld_button_69e23c5f33acf.btn-icon-solid:hover .btn-icon{background:rgb(0, 0, 0);}.ld_button_69e23c5f33acf{color:rgb(0, 0, 0);}.ld_button_69e23c5f33acf:hover{color:rgb(0, 0, 0);}<\/style><a href=\"https:\/\/www.riyadlionrouge.com\/room7-atelier-des-lumieres\/\" title=\"ATELIER DES LUMI\u00c8RES\" class=\"btn btn-naked buttonright ld_button_69e23c5f33acf vc_custom_1701280890492\">\n\t<span>\n\t\t\n\t\t\t\t\t<span class=\"btn-txt\">Zimmer ansehen<\/span>\n\t\t\t\n\t<span class=\"btn-icon\"><i class=\"icon-md-arrow-forward\"><\/i><\/span>\t\t\t<\/span>\n<\/a>\n[\/vc_column_inner][vc_column_inner width=&#8221;1\/4&#8243;][vc_single_image image=&#8221;450&#8243; img_size=&#8221;full&#8221;][vc_column_text]<span style=\"color: #c74242;\"><strong><span style=\"font-size: 32px;\">ALHAYAT<\/span><\/strong><\/span>[\/vc_column_text][vc_column_text]2 personnes[\/vc_column_text][vc_empty_space height=&#8221;10px&#8221;]<style>.ld_button_69e23c5f33b44.btn-icon-solid .btn-icon{background:rgb(0, 0, 0);}.ld_button_69e23c5f33b44.btn-icon-circle.btn-icon-ripple .btn-icon:before{border-color:rgb(0, 0, 0);}.ld_button_69e23c5f33b44.btn-icon-solid:hover .btn-icon{background:rgb(0, 0, 0);}.ld_button_69e23c5f33b44{color:rgb(0, 0, 0);}.ld_button_69e23c5f33b44:hover{color:rgb(0, 0, 0);}<\/style><a href=\"https:\/\/www.riyadlionrouge.com\/room8-alhayat\/\" title=\"ALHAYAT\" class=\"btn btn-naked buttonright ld_button_69e23c5f33b44 vc_custom_1701280951741\">\n\t<span>\n\t\t\n\t\t\t\t\t<span class=\"btn-txt\">Zimmer ansehen<\/span>\n\t\t\t\n\t<span class=\"btn-icon\"><i class=\"icon-md-arrow-forward\"><\/i><\/span>\t\t\t<\/span>\n<\/a>\n[\/vc_column_inner][\/vc_row_inner]<\/div>[\/vc_column][\/vc_row]<\/p>\n<\/section>","protected":false},"excerpt":{"rendered":"<p>[vc_row full_width=&#8221;stretch_row&#8221; gap=&#8221;0&#8243; responsive_css=&#8221;margin_bottom_large:0px&#8221; css=&#8221;.vc_custom_1701851841462{margin-bottom: 50px !important;}&#8221;][vc_column width=&#8221;1\/4&#8243;][vc_empty_space height=&#8221;75px&#8221;][vc_column_text el_class=&#8221;hidemobile&#8221;][\/vc_column_text][\/vc_column][vc_column width=&#8221;3\/4&#8243; css=&#8221;.vc_custom_1701446369677{background-image: url(https:\/\/www.riyadlionrouge.com\/wp-content\/uploads\/2023\/12\/riyad-lion-rouge-room-l-orient4.webp?id=334) !important;background-position: center&#8230;<\/p>\n","protected":false},"author":2,"featured_media":0,"parent":0,"menu_order":3,"comment_status":"closed","ping_status":"closed","template":"","meta":{"inline_featured_image":false,"wp_popup_display_lightbox":0,"wp_popup_suppress":"","wp_popup_trigger":"","wp_popup_trigger_amount":0,"wp_popup_disable_on_mobile":false,"footnotes":""},"_links":{"self":[{"href":"https:\/\/www.riyadlionrouge.com\/fr\/wp-json\/wp\/v2\/pages\/1307"}],"collection":[{"href":"https:\/\/www.riyadlionrouge.com\/fr\/wp-json\/wp\/v2\/pages"}],"about":[{"href":"https:\/\/www.riyadlionrouge.com\/fr\/wp-json\/wp\/v2\/types\/page"}],"author":[{"embeddable":true,"href":"https:\/\/www.riyadlionrouge.com\/fr\/wp-json\/wp\/v2\/users\/2"}],"replies":[{"embeddable":true,"href":"https:\/\/www.riyadlionrouge.com\/fr\/wp-json\/wp\/v2\/comments?post=1307"}],"version-history":[{"count":10,"href":"https:\/\/www.riyadlionrouge.com\/fr\/wp-json\/wp\/v2\/pages\/1307\/revisions"}],"predecessor-version":[{"id":2022,"href":"https:\/\/www.riyadlionrouge.com\/fr\/wp-json\/wp\/v2\/pages\/1307\/revisions\/2022"}],"wp:attachment":[{"href":"https:\/\/www.riyadlionrouge.com\/fr\/wp-json\/wp\/v2\/media?parent=1307"}],"curies":[{"name":"wp","href":"https:\/\/api.w.org\/{rel}","templated":true}]}}