{"id":1284,"date":"2023-11-28T19:14:06","date_gmt":"2023-11-28T19:14:06","guid":{"rendered":"https:\/\/www.riyadlionrouge.com\/lhotel\/"},"modified":"2023-12-17T12:39:58","modified_gmt":"2023-12-17T12:39:58","slug":"lhotel","status":"publish","type":"page","link":"https:\/\/www.riyadlionrouge.com\/fr\/lhotel\/","title":{"rendered":"L&#8217;h\u00f4tel"},"content":{"rendered":"<section class=\"wpb-content-wrapper\"><p>[vc_row full_width=&#8221;stretch_row&#8221; gap=&#8221;0&#8243;][vc_column width=&#8221;1\/4&#8243;][vc_empty_space height=&#8221;75px&#8221;][vc_column_text el_class=&#8221;hidemobile&#8221;]<img decoding=\"async\" class=\"wp-image-25 aligncenter\" src=\"https:\/\/www.riyadlionrouge.com\/wp-content\/uploads\/2023\/11\/logo-176x300.png\" alt=\"\" width=\"103\" height=\"176\" srcset=\"https:\/\/www.riyadlionrouge.com\/wp-content\/uploads\/2023\/11\/logo-176x300.png 176w, https:\/\/www.riyadlionrouge.com\/wp-content\/uploads\/2023\/11\/logo.png 217w\" sizes=\"(max-width: 103px) 100vw, 103px\" \/>[\/vc_column_text][\/vc_column][vc_column width=&#8221;3\/4&#8243; css=&#8221;.vc_custom_1701641361669{background-image: url(https:\/\/www.riyadlionrouge.com\/wp-content\/uploads\/2023\/12\/hotel-riyad-lion-rouge-10.webp?id=503) !important;background-position: center !important;background-repeat: no-repeat !important;background-size: cover !important;}&#8221;][vc_empty_space height=&#8221;500px&#8221;][\/vc_column][\/vc_row][vc_row][vc_column][vc_empty_space height=&#8221;120px&#8221;][\/vc_column][\/vc_row][vc_row][vc_column][vc_column_text]<\/p>\n<h2><span style=\"font-size: 10px;\">Riad Marrakech Lion Rouge<\/span><\/h2>\n<p>[\/vc_column_text][vc_column_text]<\/p>\n<h2>Sous le signe du<br \/>\n<span style=\"color: #c74242;\">Lions<\/span><\/h2>\n<p>[\/vc_column_text][\/vc_column][\/vc_row][vc_row][vc_column][vc_empty_space height=&#8221;60px&#8221;][\/vc_column][\/vc_row][vc_row][vc_column width=&#8221;1\/4&#8243;][vc_single_image image=&#8221;627&#8243; img_size=&#8221;180&#215;180&#8243; alignment=&#8221;center&#8221; el_class=&#8221;jumping-lion-about&#8221;][\/vc_column][vc_column width=&#8221;3\/4&#8243;][vc_column_text]C&#8217;est un point d&#8217;intersection rare, mais il existe. C&#8217;est l\u00e0 o\u00f9 le mythique, le pittoresque et le m\u00e9taphorique ne font pas que se croiser, mais s&#8217;unissent, que se situe le Riyad Lion Rouge. Le l\u00e9gendaire lion de l&#8217;Atlas, \u00e9galement pr\u00e9sent sur le drapeau marocain, a servi de patronyme.[\/vc_column_text][\/vc_column][\/vc_row][vc_row full_width=&#8221;stretch_row&#8221; content_placement=&#8221;middle&#8221; enable_content_animation=&#8221;yes&#8221; ca_init_scale_x=&#8221;1&#8243; ca_init_scale_y=&#8221;1&#8243; ca_init_scale_z=&#8221;1&#8243; ca_init_opacity=&#8221;1&#8243; ca_an_scale_x=&#8221;1&#8243; ca_an_scale_y=&#8221;1&#8243; ca_an_scale_z=&#8221;1&#8243; ca_an_opacity=&#8221;1&#8243;][vc_column][vc_empty_space height=&#8221;60px&#8221;][vc_row_inner][vc_column_inner width=&#8221;1\/4&#8243;][vc_single_image image=&#8221;283&#8243; img_size=&#8221;full&#8221; alignment=&#8221;center&#8221; onclick=&#8221;zoom&#8221;][\/vc_column_inner][vc_column_inner width=&#8221;1\/4&#8243;][vc_single_image image=&#8221;273&#8243; img_size=&#8221;full&#8221; alignment=&#8221;center&#8221; onclick=&#8221;zoom&#8221;][\/vc_column_inner][vc_column_inner width=&#8221;1\/4&#8243;][vc_single_image image=&#8221;274&#8243; img_size=&#8221;full&#8221; alignment=&#8221;center&#8221; onclick=&#8221;zoom&#8221;][\/vc_column_inner][vc_column_inner width=&#8221;1\/4&#8243;][vc_single_image image=&#8221;280&#8243; img_size=&#8221;full&#8221; alignment=&#8221;center&#8221; onclick=&#8221;zoom&#8221;][\/vc_column_inner][\/vc_row_inner][\/vc_column][\/vc_row][vc_row][vc_column][vc_empty_space height=&#8221;300px&#8221;][\/vc_column][\/vc_row][vc_row full_width=&#8221;stretch_row&#8221;][vc_column width=&#8221;1\/2&#8243; css=&#8221;.vc_custom_1701851188404{margin-bottom: 100px !important;padding-right: 0px !important;padding-left: 0px !important;}&#8221; responsive_css=&#8221;margin_bottom_large:0px|padding_right_large:3vw|padding_left_large:10vw&#8221;][vc_column_text]<\/p>\n<h2><span style=\"font-size: 10px;\">Riad Marrakech Lion Rouge<\/span><\/h2>\n<p>[\/vc_column_text][vc_column_text]<\/p>\n<h2>Une ode \u00e0 l&#8217;Orient et \u00e0 l&#8217;Occident<br \/>\n<span style=\"color: #c74242;\">dans le meilleur endroit<\/span><\/h2>\n<p>[\/vc_column_text][vc_empty_space][vc_column_text el_class=&#8221;textlineheight&#8221;]Au Riyad Lion Rouge, l&#8217;ancien soigneusement restaur\u00e9 c\u00f4toie l&#8217;architecture moderne, dont les nombreux raffinements ne se r\u00e9v\u00e8lent souvent qu&#8217;au deuxi\u00e8me ou troisi\u00e8me regard. C&#8217;est une ode \u00e0 la fois \u00e0 l&#8217;Orient et \u00e0 l&#8217;Occident. Le riyad est <strong>situ\u00e9 au centre<\/strong> de la m\u00e9dina de Marrakech, \u00e0 100 m\u00e8tres \u00e0 peine de la principale petite place, la <strong>place des \u00c9pices<\/strong>, et \u00e0 environ 600 m\u00e8tres de la mondialement c\u00e9l\u00e8bre grande place, la <strong>Jemna el-Fnaa<\/strong>.<\/p>\n<p>L&#8217;h\u00f4tel est situ\u00e9 au centre, \u00e0 c\u00f4t\u00e9 du <strong>souk<\/strong>. Les sites culturels tels que la <strong>Medersa Ben Youssef,<\/strong> le <strong>Mus\u00e9e de<\/strong> Marrakech ou le <strong>Mus\u00e9e de la photographie et des arts visuels de Marrakech<\/strong> sont accessibles en quelques minutes \u00e0 pied.<\/p>\n<h2>Transfert de l&#8217;a\u00e9roport<\/h2>\n<p>Nous nous ferons un plaisir d&#8217;organiser votre transfert personnel de l&#8217;a\u00e9roport de Marrakech-Menara au Riyad Lion Rouge.<br \/>\nLe prix du transfert a\u00e9roport est de 40,00 \u20ac par trajet pour 1 \u00e0 4 personnes.[\/vc_column_text][\/vc_column][vc_column width=&#8221;1\/2&#8243; css=&#8221;.vc_custom_1701851216888{padding-right: 0px !important;}&#8221; responsive_css=&#8221;padding_right_large:11vw&#8221;][vc_row_inner][vc_column_inner width=&#8221;2\/3&#8243; css=&#8221;.vc_custom_1701198223227{margin-top: -90px !important;}&#8221;][vc_single_image image=&#8221;569&#8243; img_size=&#8221;full&#8221;][\/vc_column_inner][vc_column_inner width=&#8221;1\/3&#8243;][vc_single_image image=&#8221;566&#8243; img_size=&#8221;full&#8221;][\/vc_column_inner][\/vc_row_inner][vc_empty_space][vc_row_inner][vc_column_inner][vc_single_image image=&#8221;568&#8243; img_size=&#8221;full&#8221;][\/vc_column_inner][\/vc_row_inner][\/vc_column][\/vc_row][vc_row][vc_column][vc_empty_space height=&#8221;300px&#8221;][\/vc_column][\/vc_row][vc_row full_width=&#8221;stretch_row&#8221;][vc_column width=&#8221;1\/2&#8243; css=&#8221;.vc_custom_1701851229690{padding-right: 0px !important;padding-left: 0px !important;}&#8221; responsive_css=&#8221;padding_right_large:3vw|padding_left_large:10vw&#8221;][vc_row_inner][vc_column_inner width=&#8221;2\/3&#8243; css=&#8221;.vc_custom_1701198223227{margin-top: -90px !important;}&#8221;][vc_single_image image=&#8221;503&#8243; img_size=&#8221;full&#8221;][\/vc_column_inner][vc_column_inner width=&#8221;1\/3&#8243;][vc_single_image image=&#8221;504&#8243; img_size=&#8221;full&#8221;][\/vc_column_inner][\/vc_row_inner][vc_row_inner][vc_column_inner][vc_single_image image=&#8221;1913&#8243; img_size=&#8221;full&#8221;][\/vc_column_inner][\/vc_row_inner][\/vc_column][vc_column width=&#8221;1\/2&#8243; css=&#8221;.vc_custom_1701851092559{padding-right: 0px !important;}&#8221; responsive_css=&#8221;padding_right_large:11vw&#8221;][vc_column_text]<\/p>\n<h2><span style=\"font-size: 10px;\">Riad Marrakech Lion Rouge<\/span><\/h2>\n<p>[\/vc_column_text][vc_column_text]<\/p>\n<h2>Si proche du ciel<br \/>\n<span style=\"color: #c74242;\">Terrasses<\/span><\/h2>\n<p>[\/vc_column_text][vc_empty_space][vc_column_text el_class=&#8221;textlineheight&#8221;]L&#8217;un des nombreux points forts est sans aucun doute la <strong>terrasse sur le toit du<\/strong> riyad, qui offre une vue d\u00e9gag\u00e9e et grandiose sur Marrakech et sur l&#8217;imposant massif de l&#8217;Atlas, recouvert de blanc. Et lorsque les petits nuages flottent et dansent sous le ciel d&#8217;un bleu profond, ils donnent l&#8217;impression de s&#8217;\u00eatre \u00e9chapp\u00e9s, du moins pour un court instant, d&#8217;un tableau de Magritte.[\/vc_column_text][vc_empty_space][vc_media_grid element_width=&#8221;2&#8243; grid_id=&#8221;vc_gid:1702816782062-2edd0ac4-0791-4&#8243; include=&#8221;1919,490,503,501,500,499,491,492,1922,504,493,1925,494,495,502,497,485,486,487,488,642&#8243;][\/vc_column][\/vc_row][vc_row][vc_column][vc_empty_space height=&#8221;300px&#8221;][\/vc_column][\/vc_row][vc_row full_width=&#8221;stretch_row&#8221;][vc_column width=&#8221;1\/2&#8243; css=&#8221;.vc_custom_1701851104297{padding-right: 0px !important;padding-left: 0px !important;}&#8221; responsive_css=&#8221;padding_right_large:3vw|padding_left_large:10vw&#8221;][vc_column_text]<\/p>\n<h2><span style=\"font-size: 10px;\">Riad Marrakech Lion Rouge<\/span><\/h2>\n<p>[\/vc_column_text][vc_column_text]<\/p>\n<h2>Un havre de paix<br \/>\n<span style=\"color: #c74242;\">Patios &amp; piscine<\/span><\/h2>\n<p>[\/vc_column_text][vc_empty_space][vc_column_text el_class=&#8221;textlineheight&#8221;]Bienvenue dans une oasis marocaine, un lieu de calme et de beaut\u00e9. Entrez dans la charmante <strong>cour int\u00e9rieure<\/strong> o\u00f9 le doux clapotis de la <strong>piscine<\/strong> apaise les sens. Entour\u00e9e de plantes indig\u00e8nes et de <strong>palmiers<\/strong> majestueux, cette retraite idyllique offre un m\u00e9lange parfait d&#8217;architecture islamique primitive restaur\u00e9e et d&#8217;accents modernes. Les couleurs des <strong>carreaux de mosa\u00efque<\/strong> refl\u00e8tent l&#8217;eau scintillante, tandis qu&#8217;un parfum tr\u00e8s particulier emplit l&#8217;air. Ici, dans notre petit paradis, vous pouvez oublier le monde qui vous entoure et vous plonger dans un \u00e9tat de paix totale.[\/vc_column_text][vc_empty_space][vc_empty_space][vc_media_grid element_width=&#8221;2&#8243; grid_id=&#8221;vc_gid:1702816782067-0b06e909-17b8-0&#8243; include=&#8221;553,546,1931,541,537,525,526,521,517,548,551,549,550,552,523,518,534,533,507&#8243;][\/vc_column][vc_column width=&#8221;1\/2&#8243; responsive_css=&#8221;padding_right_large:11vw&#8221;][vc_row_inner][vc_column_inner width=&#8221;2\/3&#8243; css=&#8221;.vc_custom_1701198223227{margin-top: -90px !important;}&#8221;][vc_single_image image=&#8221;506&#8243; img_size=&#8221;full&#8221;][\/vc_column_inner][vc_column_inner width=&#8221;1\/3&#8243;][vc_single_image image=&#8221;507&#8243; img_size=&#8221;full&#8221;][\/vc_column_inner][\/vc_row_inner][vc_row_inner][vc_column_inner][vc_single_image image=&#8221;508&#8243; img_size=&#8221;full&#8221;][\/vc_column_inner][\/vc_row_inner][\/vc_column][\/vc_row][vc_row][vc_column][vc_empty_space height=&#8221;300px&#8221;][\/vc_column][\/vc_row][vc_row full_width=&#8221;stretch_row&#8221;][vc_column width=&#8221;1\/2&#8243; css=&#8221;.vc_custom_1701851383046{padding-right: 0px !important;padding-left: 0px !important;}&#8221; responsive_css=&#8221;padding_right_large:3vw|padding_left_large:10vw&#8221;][vc_row_inner][vc_column_inner width=&#8221;2\/3&#8243; css=&#8221;.vc_custom_1701198223227{margin-top: -90px !important;}&#8221;][vc_single_image image=&#8221;500&#8243; img_size=&#8221;full&#8221;][\/vc_column_inner][vc_column_inner width=&#8221;1\/3&#8243;][vc_single_image image=&#8221;561&#8243; img_size=&#8221;full&#8221;][\/vc_column_inner][\/vc_row_inner][vc_row_inner][vc_column_inner][vc_single_image image=&#8221;565&#8243; img_size=&#8221;full&#8221;][\/vc_column_inner][\/vc_row_inner][vc_empty_space][vc_media_grid element_width=&#8221;2&#8243; grid_id=&#8221;vc_gid:1702816782075-e7103454-f90a-5&#8243; include=&#8221;563,564,561,562,560,558,559,556,557,555,525,524,522,500&#8243;][\/vc_column][vc_column width=&#8221;1\/2&#8243; css=&#8221;.vc_custom_1701851115149{padding-right: 0px !important;}&#8221; responsive_css=&#8221;padding_right_large:11vw&#8221;][vc_column_text]<\/p>\n<h2><span style=\"font-size: 10px;\">Riad Marrakech Lion Rouge<\/span><\/h2>\n<p>[\/vc_column_text][vc_column_text]<\/p>\n<h2>L&#8217;exclusivit\u00e9 pour les individualistes<br \/>\n<span style=\"color: #c74242;\">Petit d\u00e9jeuner | Bar | Restaurants<\/span><\/h2>\n<p>[\/vc_column_text][vc_empty_space][vc_column_text el_class=&#8221;textlineheight&#8221;]Commencez votre matin\u00e9e par une exp\u00e9rience incomparable. Pendant que vous d\u00e9gustez votre <strong>copieux<\/strong> <strong>petit d\u00e9jeuner sur les terrasses du toit<\/strong> (tous les jours \u00e0 partir de 10h00), une vue imprenable sur Marrakech et les sommets enneig\u00e9s de l&#8217;Atlas s&#8217;offre \u00e0 vous. Un moment de calme et de beaut\u00e9 qui restera dans les m\u00e9moires.<\/p>\n<p>D\u00e9couvrez bient\u00f4t un joyau cach\u00e9 &#8211; le <strong>bar styl\u00e9 de l&#8217;h\u00f4tel est en cours de pr\u00e9paration<\/strong>. Ouverte exclusivement le soir, elle sera l&#8217;endroit id\u00e9al pour les individualistes qui recherchent l&#8217;originalit\u00e9. Chaque d\u00e9tail de notre bar a \u00e9t\u00e9 soigneusement s\u00e9lectionn\u00e9 afin de cr\u00e9er une atmosph\u00e8re de v\u00e9ritable harmonie et d&#8217;exclusivit\u00e9.<\/p>\n<p>Notre situation imbattable au centre-ville vous permet en outre d&#8217;explorer la diversit\u00e9 culinaire de Marrakech. \u00c0 une centaine de m\u00e8tres de notre h\u00f4tel, vous trouverez <strong>deux des restaurants les plus r\u00e9put\u00e9s de la ville<\/strong> &#8211; le <a href=\"https:\/\/nomadmarrakech.com\/\" target=\"_blank\" rel=\"noopener\"><br \/>\n  <strong>Nomad<\/strong><br \/>\n<\/a> et le <a href=\"https:\/\/lmidamarrakech.com\/en\/\" target=\"_blank\" rel=\"noopener\"><br \/>\n  <strong>L&#8217;Mida<\/strong><br \/>\n<\/a>.[\/vc_column_text][vc_empty_space][\/vc_column][\/vc_row][vc_row][vc_column][vc_empty_space height=&#8221;300px&#8221;][\/vc_column][\/vc_row][vc_row full_width=&#8221;stretch_row&#8221; gap=&#8221;2&#8243; equal_height=&#8221;yes&#8221; content_placement=&#8221;middle&#8221; enable_content_animation=&#8221;yes&#8221; ca_init_scale_x=&#8221;1&#8243; ca_init_scale_y=&#8221;1&#8243; ca_init_scale_z=&#8221;1&#8243; ca_init_opacity=&#8221;1&#8243; ca_an_scale_x=&#8221;1&#8243; ca_an_scale_y=&#8221;1&#8243; ca_an_scale_z=&#8221;1&#8243; ca_an_opacity=&#8221;1&#8243;][vc_column width=&#8221;1\/2&#8243;][vc_row_inner gap=&#8221;2&#8243;][vc_column_inner][vc_single_image image=&#8221;287&#8243; img_size=&#8221;full&#8221; alignment=&#8221;center&#8221; onclick=&#8221;zoom&#8221;][\/vc_column_inner][\/vc_row_inner][\/vc_column][vc_column width=&#8221;1\/2&#8243;][vc_row_inner equal_height=&#8221;yes&#8221; gap=&#8221;2&#8243;][vc_column_inner width=&#8221;1\/2&#8243;][vc_single_image image=&#8221;286&#8243; img_size=&#8221;full&#8221; alignment=&#8221;center&#8221; onclick=&#8221;zoom&#8221;][vc_single_image image=&#8221;284&#8243; img_size=&#8221;full&#8221; alignment=&#8221;center&#8221; onclick=&#8221;zoom&#8221;][\/vc_column_inner][vc_column_inner width=&#8221;1\/2&#8243;][vc_single_image image=&#8221;285&#8243; img_size=&#8221;full&#8221; alignment=&#8221;center&#8221; onclick=&#8221;zoom&#8221;][vc_single_image image=&#8221;283&#8243; img_size=&#8221;full&#8221; alignment=&#8221;center&#8221; onclick=&#8221;zoom&#8221;][\/vc_column_inner][\/vc_row_inner][\/vc_column][\/vc_row][vc_row][vc_column][vc_empty_space height=&#8221;60px&#8221;][\/vc_column][\/vc_row][vc_row][vc_column width=&#8221;1\/4&#8243;][vc_column_text]<\/p>\n<h2><span style=\"font-size: 10px;\">Riad Marrakech Lion Rouge<\/span><\/h2>\n<p>[\/vc_column_text][vc_column_text]<\/p>\n<h2>Mieux vaut \u00eatre diff\u00e9rent<br \/>\n<span style=\"color: #c74242;\">Diff\u00e9rent meilleur<\/span><\/h2>\n<p>[\/vc_column_text][\/vc_column][vc_column width=&#8221;3\/4&#8243;][vc_empty_space][vc_column_text]Vive la diff\u00e9rence, vive une autre fa\u00e7on de vivre la culture de l&#8217;habitat et le confort de mani\u00e8re intense. Le riyad est une oasis de calme, loin de toute activit\u00e9 de masse. Faire une pause est le mot d&#8217;ordre. Elle est soulign\u00e9e, entre autres, par des meubles sp\u00e9cialement fabriqu\u00e9s sur place et par des objets d&#8217;art ramen\u00e9s d&#8217;Europe. Autre attraction sp\u00e9ciale : les nombreux meubles design de Mies van der Rohe, Le Corbusier ou Aimes d\u00e9couverts et restaur\u00e9s au Maroc, qui assurent tous une \u00e9l\u00e9gance intemporelle dans les <a href=\"https:\/\/www.riyadlionrouge.com\/die-zimmer\/\">chambres<\/a>. Les d\u00e9corations de bazar sont interdites d&#8217;acc\u00e8s, elles sont remplac\u00e9es par exemple par des c\u00e9ramiques faites \u00e0 la main, \u00e9galement fabriqu\u00e9es sp\u00e9cialement pour l&#8217;occasion. Le chauffage au sol, aliment\u00e9 par une pompe \u00e0 chaleur a\u00e9rothermique aliment\u00e9e par des panneaux solaires, est unique en son genre. L&#8217;installation alimente le r\u00e9seau \u00e9lectrique en \u00e9t\u00e9. Nous appelons tout cela Feelharmonie &#8211; c&#8217;est la qu\u00eate sensible, subtile et sensuelle du plus grand bien-\u00eatre possible. Des compositions spatiales, loin des fioritures et du tintamarre.[\/vc_column_text][\/vc_column][\/vc_row][vc_row full_width=&#8221;stretch_row&#8221; content_placement=&#8221;middle&#8221; enable_content_animation=&#8221;yes&#8221; ca_init_scale_x=&#8221;1&#8243; ca_init_scale_y=&#8221;1&#8243; ca_init_scale_z=&#8221;1&#8243; ca_init_opacity=&#8221;1&#8243; ca_an_scale_x=&#8221;1&#8243; ca_an_scale_y=&#8221;1&#8243; ca_an_scale_z=&#8221;1&#8243; ca_an_opacity=&#8221;1&#8243;][vc_column][vc_empty_space height=&#8221;100px&#8221;][vc_row_inner][vc_column_inner width=&#8221;1\/6&#8243;][vc_single_image image=&#8221;577&#8243; img_size=&#8221;full&#8221; alignment=&#8221;center&#8221; onclick=&#8221;zoom&#8221;][\/vc_column_inner][vc_column_inner width=&#8221;1\/6&#8243;][vc_single_image image=&#8221;575&#8243; img_size=&#8221;full&#8221; alignment=&#8221;center&#8221; onclick=&#8221;zoom&#8221;][\/vc_column_inner][vc_column_inner width=&#8221;1\/6&#8243;][vc_single_image image=&#8221;578&#8243; img_size=&#8221;full&#8221; alignment=&#8221;center&#8221; onclick=&#8221;zoom&#8221;][\/vc_column_inner][vc_column_inner width=&#8221;1\/6&#8243;][vc_single_image image=&#8221;573&#8243; img_size=&#8221;full&#8221; alignment=&#8221;center&#8221; onclick=&#8221;zoom&#8221;][\/vc_column_inner][vc_column_inner width=&#8221;1\/6&#8243;][vc_single_image image=&#8221;574&#8243; img_size=&#8221;full&#8221; alignment=&#8221;center&#8221; onclick=&#8221;zoom&#8221;][\/vc_column_inner][vc_column_inner width=&#8221;1\/6&#8243;][vc_single_image image=&#8221;576&#8243; img_size=&#8221;full&#8221; alignment=&#8221;center&#8221; onclick=&#8221;zoom&#8221;][\/vc_column_inner][\/vc_row_inner][vc_empty_space height=&#8221;60px&#8221;][\/vc_column][\/vc_row][vc_row][vc_column width=&#8221;1\/3&#8243;][vc_column_text]<\/p>\n<h2><span style=\"font-size: 10px;\">Riad Marrakech Lion Rouge<\/span><\/h2>\n<p>[\/vc_column_text][vc_column_text]<\/p>\n<h2>L&#8217;emprise sur les<br \/>\n<span style=\"color: #c74242;\">\u00c9toile<\/span><\/h2>\n<p>[\/vc_column_text][\/vc_column][vc_column width=&#8221;2\/3&#8243;][vc_empty_space height=&#8221;20px&#8221;][vc_column_text]Ce qui compte, c&#8217;est l&#8217;authenticit\u00e9. Que cela soit r\u00e9compens\u00e9 par l&#8217;attribution d&#8217;\u00e9toiles, comme il est d&#8217;usage dans le secteur, n&#8217;a pas beaucoup d&#8217;importance. Le riyad poss\u00e8de son propre \u00e9clat. \u00c0 l&#8217;int\u00e9rieur, gr\u00e2ce \u00e0 de fascinants jeux de lumi\u00e8re avec des vitraux qui, selon l&#8217;heure de la journ\u00e9e, s&#8217;allument comme des cadrans solaires dans les appartements. Et \u00e0 l&#8217;ext\u00e9rieur, le soir ou dans le ciel du matin, en contemplant la gigantesque vo\u00fbte \u00e9toil\u00e9e, que m\u00eame les constellations apparaissent sous un jour nouveau. Orion et Sirius vous saluent particuli\u00e8rement, selon la saison.<\/p>\n<p>La prise des \u00e9toiles &#8211; elle prend ici une nouvelle signification et une nouvelle force symbolique. D&#8217;ailleurs, si vous y prenez go\u00fbt, vous pouvez aussi chercher la constellation marquante du Lion. On le voit bien : De ce point de vue \u00e9galement, la maison de la lumi\u00e8re est plac\u00e9e sous une \u00e9toile particuli\u00e8rement favorable.[\/vc_column_text][\/vc_column][\/vc_row][vc_row][vc_column][vc_empty_space height=&#8221;80px&#8221;][\/vc_column][\/vc_row][vc_row full_width=&#8221;stretch_row&#8221; gap=&#8221;2&#8243; equal_height=&#8221;yes&#8221; content_placement=&#8221;middle&#8221; enable_content_animation=&#8221;yes&#8221; ca_init_scale_x=&#8221;1&#8243; ca_init_scale_y=&#8221;1&#8243; ca_init_scale_z=&#8221;1&#8243; ca_init_opacity=&#8221;1&#8243; ca_an_scale_x=&#8221;1&#8243; ca_an_scale_y=&#8221;1&#8243; ca_an_scale_z=&#8221;1&#8243; ca_an_opacity=&#8221;1&#8243;][vc_column width=&#8221;1\/2&#8243;][vc_row_inner equal_height=&#8221;yes&#8221; gap=&#8221;2&#8243;][vc_column_inner width=&#8221;1\/2&#8243;][vc_single_image image=&#8221;296&#8243; img_size=&#8221;full&#8221; alignment=&#8221;center&#8221; onclick=&#8221;zoom&#8221;][vc_single_image image=&#8221;298&#8243; img_size=&#8221;full&#8221; alignment=&#8221;center&#8221; onclick=&#8221;zoom&#8221;][\/vc_column_inner][vc_column_inner width=&#8221;1\/2&#8243;][vc_single_image image=&#8221;295&#8243; img_size=&#8221;full&#8221; alignment=&#8221;center&#8221; onclick=&#8221;zoom&#8221;][vc_single_image image=&#8221;299&#8243; img_size=&#8221;full&#8221; alignment=&#8221;center&#8221; onclick=&#8221;zoom&#8221;][\/vc_column_inner][\/vc_row_inner][\/vc_column][vc_column width=&#8221;1\/2&#8243;][vc_row_inner gap=&#8221;2&#8243;][vc_column_inner][vc_single_image image=&#8221;517&#8243; img_size=&#8221;full&#8221; alignment=&#8221;center&#8221; onclick=&#8221;zoom&#8221;][\/vc_column_inner][\/vc_row_inner][\/vc_column][\/vc_row][vc_row][vc_column][vc_empty_space height=&#8221;60px&#8221;][\/vc_column][\/vc_row]<\/p>\n<\/section>","protected":false},"excerpt":{"rendered":"<p>[vc_row full_width=&#8221;stretch_row&#8221; gap=&#8221;0&#8243;][vc_column width=&#8221;1\/4&#8243;][vc_empty_space height=&#8221;75px&#8221;][vc_column_text el_class=&#8221;hidemobile&#8221;][\/vc_column_text][\/vc_column][vc_column width=&#8221;3\/4&#8243; css=&#8221;.vc_custom_1701641361669{background-image: url(https:\/\/www.riyadlionrouge.com\/wp-content\/uploads\/2023\/12\/hotel-riyad-lion-rouge-10.webp?id=503) !important;background-position: center !important;background-repeat: no-repeat !important;background-size: cover&#8230;<\/p>\n","protected":false},"author":1,"featured_media":0,"parent":0,"menu_order":0,"comment_status":"closed","ping_status":"closed","template":"","meta":{"inline_featured_image":false,"wp_popup_display_lightbox":0,"wp_popup_suppress":"","wp_popup_trigger":"","wp_popup_trigger_amount":0,"wp_popup_disable_on_mobile":false,"footnotes":""},"_links":{"self":[{"href":"https:\/\/www.riyadlionrouge.com\/fr\/wp-json\/wp\/v2\/pages\/1284"}],"collection":[{"href":"https:\/\/www.riyadlionrouge.com\/fr\/wp-json\/wp\/v2\/pages"}],"about":[{"href":"https:\/\/www.riyadlionrouge.com\/fr\/wp-json\/wp\/v2\/types\/page"}],"author":[{"embeddable":true,"href":"https:\/\/www.riyadlionrouge.com\/fr\/wp-json\/wp\/v2\/users\/1"}],"replies":[{"embeddable":true,"href":"https:\/\/www.riyadlionrouge.com\/fr\/wp-json\/wp\/v2\/comments?post=1284"}],"version-history":[{"count":6,"href":"https:\/\/www.riyadlionrouge.com\/fr\/wp-json\/wp\/v2\/pages\/1284\/revisions"}],"predecessor-version":[{"id":1950,"href":"https:\/\/www.riyadlionrouge.com\/fr\/wp-json\/wp\/v2\/pages\/1284\/revisions\/1950"}],"wp:attachment":[{"href":"https:\/\/www.riyadlionrouge.com\/fr\/wp-json\/wp\/v2\/media?parent=1284"}],"curies":[{"name":"wp","href":"https:\/\/api.w.org\/{rel}","templated":true}]}}