{"id":1274,"date":"2023-11-28T19:15:33","date_gmt":"2023-11-28T19:15:33","guid":{"rendered":"https:\/\/www.riyadlionrouge.com\/contact-faq\/"},"modified":"2024-06-15T16:38:04","modified_gmt":"2024-06-15T16:38:04","slug":"contact-faq","status":"publish","type":"page","link":"https:\/\/www.riyadlionrouge.com\/fr\/contact-faq\/","title":{"rendered":"Contact &amp; FAQ"},"content":{"rendered":"<section class=\"wpb-content-wrapper\"><p>[vc_row full_width=&#8221;stretch_row&#8221; gap=&#8221;0&#8243;][vc_column width=&#8221;1\/4&#8243;][\/vc_column][vc_column width=&#8221;3\/4&#8243; css=&#8221;.vc_custom_1701178854848{background-image: url(https:\/\/www.riyadlionrouge.com\/wp-content\/uploads\/2023\/11\/headerbild.png?id=24) !important;background-position: center !important;background-repeat: no-repeat !important;background-size: cover !important;}&#8221;][vc_empty_space height=&#8221;300px&#8221;][\/vc_column][\/vc_row][vc_row][vc_column][vc_empty_space height=&#8221;120px&#8221;][\/vc_column][\/vc_row][vc_row][vc_column][vc_column_text]<\/p>\n<h1 style=\"text-align: center;\">Contact et FAQ<\/h1>\n<p>[\/vc_column_text][\/vc_column][\/vc_row][vc_row][vc_column][vc_empty_space height=&#8221;60px&#8221;][\/vc_column][\/vc_row][vc_row][vc_column][vc_column_text]<\/p>\n<p style=\"text-align: center;\">Si vous avez des questions, n&#8217;h\u00e9sitez pas \u00e0 nous envoyer un e-mail \u00e0 l&#8217;adresse suivante :<\/p>\n<p style=\"text-align: center;\"><a href=\"mailto:info@riyadlionrouge.com\" target=\"_blank\" rel=\"noopener\">info@riyadlionrouge.com<\/a><\/p>\n<p style=\"text-align: center;\">+43 664 321 99 13<\/p>\n<p>[\/vc_column_text][\/vc_column][\/vc_row][vc_row][vc_column][vc_empty_space height=&#8221;200px&#8221;][\/vc_column][\/vc_row][vc_row][vc_column][vc_row_inner gap=&#8221;35&#8243;][vc_column_inner width=&#8221;1\/2&#8243; responsive_css=&#8221;margin_bottom_large:0px&#8221; css=&#8221;.vc_custom_1701850183920{margin-bottom: 40px !important;}&#8221;][vc_column_text]<\/p>\n<h2>Centrale<br \/>\nSituation<\/h2>\n<p>[\/vc_column_text][vc_empty_space][vc_column_text]meilleure situation au centre-ville dans la m\u00e9dina, \u00e0 120 m\u00e8tres de la principale petite place (Place des Epices) et \u00e0 600 m\u00e8tres de la grande place (Jemaa el-Fnaa)<\/p>\n<p><a href=\"https:\/\/www.google.com\/maps\/dir\/\/31.629254,-7.985908\/@31.6292426,-7.9859864,21z\/data=!4m2!4m1!3e0?entry=ttu\" target=\"_blank\" rel=\"noopener\"><i class=\"icon-md-arrow-forward\"><\/i>  Planifier l&#8217;itin\u00e9raire avec google maps<\/a>[\/vc_column_text][vc_empty_space height=&#8221;50px&#8221;]<a href=\"https:\/\/www.riyadlionrouge.com\/buchen\/\" title=\"Buchen\" class=\"btn btn-default btn-bordered border-thin ld_button_69e88a1cb46a9\">\n\t<span>\n\t\t\n\t\t\t\t\t<span class=\"btn-txt\">JETZT DIREKT BUCHEN<\/span>\n\t\t\t\n\t\t\t\t<\/span>\n<\/a>\n[vc_empty_space height=&#8221;50px&#8221;][\/vc_column_inner][vc_column_inner width=&#8221;1\/2&#8243;]<style>.ld_google_map_69e88a1cb532c .map_marker, .ld_google_map_69e88a1cb532c .map_marker > div{background:rgb(199, 66, 66);}<\/style><div class=\"ld-gmap-container ld_google_map_69e88a1cb532c\" id=\"ld_google_map_69e88a1cb532c\" style=\"height: 400px\">\n\n\t<div class=\"ld-gmap\" data-plugin-map=\"true\" data-plugin-options='{\"style\":\"lightMonochrome\",\"address\":\"Fadma Rugs, derb Nkhal, 72 Rahba Lakdima, Marrakesh 40000, Marokko\",\"marker\":\"https:\\\/\\\/www.riyadlionrouge.com\\\/wp-content\\\/plugins\\\/ave-core\\\/assets\\\/img\\\/markers\\\/map-pin.svg\",\"markers\":null,\"map\":{\"zoom\":14,\"mapTypeId\":\"roadmap\",\"fullscreenControl\":true},\"marker_option\":\"html\",\"className\":\"map_marker\"}'><\/div>\n\n<\/div>[\/vc_column_inner][\/vc_row_inner][\/vc_column][\/vc_row][vc_row][vc_column][vc_empty_space height=&#8221;200px&#8221;][\/vc_column][\/vc_row]<\/p>\n<\/section>","protected":false},"excerpt":{"rendered":"<p>[vc_row full_width=&#8221;stretch_row&#8221; gap=&#8221;0&#8243;][vc_column width=&#8221;1\/4&#8243;][\/vc_column][vc_column width=&#8221;3\/4&#8243; css=&#8221;.vc_custom_1701178854848{background-image: url(https:\/\/www.riyadlionrouge.com\/wp-content\/uploads\/2023\/11\/headerbild.png?id=24) !important;background-position: center !important;background-repeat: no-repeat !important;background-size: cover !important;}&#8221;][vc_empty_space height=&#8221;300px&#8221;][\/vc_column][\/vc_row][vc_row][vc_column][vc_empty_space&#8230;<\/p>\n","protected":false},"author":1,"featured_media":0,"parent":0,"menu_order":0,"comment_status":"closed","ping_status":"closed","template":"","meta":{"inline_featured_image":false,"wp_popup_display_lightbox":0,"wp_popup_suppress":"","wp_popup_trigger":"","wp_popup_trigger_amount":0,"wp_popup_disable_on_mobile":false,"footnotes":""},"_links":{"self":[{"href":"https:\/\/www.riyadlionrouge.com\/fr\/wp-json\/wp\/v2\/pages\/1274"}],"collection":[{"href":"https:\/\/www.riyadlionrouge.com\/fr\/wp-json\/wp\/v2\/pages"}],"about":[{"href":"https:\/\/www.riyadlionrouge.com\/fr\/wp-json\/wp\/v2\/types\/page"}],"author":[{"embeddable":true,"href":"https:\/\/www.riyadlionrouge.com\/fr\/wp-json\/wp\/v2\/users\/1"}],"replies":[{"embeddable":true,"href":"https:\/\/www.riyadlionrouge.com\/fr\/wp-json\/wp\/v2\/comments?post=1274"}],"version-history":[{"count":7,"href":"https:\/\/www.riyadlionrouge.com\/fr\/wp-json\/wp\/v2\/pages\/1274\/revisions"}],"predecessor-version":[{"id":2079,"href":"https:\/\/www.riyadlionrouge.com\/fr\/wp-json\/wp\/v2\/pages\/1274\/revisions\/2079"}],"wp:attachment":[{"href":"https:\/\/www.riyadlionrouge.com\/fr\/wp-json\/wp\/v2\/media?parent=1274"}],"curies":[{"name":"wp","href":"https:\/\/api.w.org\/{rel}","templated":true}]}}