{"id":1272,"date":"2023-11-28T18:31:22","date_gmt":"2023-11-28T18:31:22","guid":{"rendered":"https:\/\/www.riyadlionrouge.com\/des-lions\/"},"modified":"2024-05-17T10:49:05","modified_gmt":"2024-05-17T10:49:05","slug":"des-lions","status":"publish","type":"page","link":"https:\/\/www.riyadlionrouge.com\/fr\/des-lions\/","title":{"rendered":"DES LIONS"},"content":{"rendered":"<section class=\"wpb-content-wrapper\"><p>[vc_row full_width=&#8221;stretch_row&#8221; gap=&#8221;0&#8243; responsive_css=&#8221;margin_bottom_large:0px&#8221; css=&#8221;.vc_custom_1701851736552{margin-bottom: 50px !important;}&#8221;][vc_column width=&#8221;1\/4&#8243;][vc_empty_space height=&#8221;75px&#8221;][vc_column_text el_class=&#8221;hidemobile&#8221;]<img decoding=\"async\" class=\"wp-image-25 aligncenter\" src=\"https:\/\/www.riyadlionrouge.com\/wp-content\/uploads\/2023\/11\/logo-176x300.png\" alt=\"\" width=\"103\" height=\"176\" srcset=\"https:\/\/www.riyadlionrouge.com\/wp-content\/uploads\/2023\/11\/logo-176x300.png 176w, https:\/\/www.riyadlionrouge.com\/wp-content\/uploads\/2023\/11\/logo.png 217w\" sizes=\"(max-width: 103px) 100vw, 103px\" \/>[\/vc_column_text][\/vc_column][vc_column width=&#8221;3\/4&#8243; css=&#8221;.vc_custom_1701281772057{background-image: url(https:\/\/www.riyadlionrouge.com\/wp-content\/uploads\/2023\/11\/Des-Lions-room-1-1.webp?id=232) !important;background-position: center !important;background-repeat: no-repeat !important;background-size: cover !important;}&#8221;][vc_empty_space height=&#8221;400px&#8221;][\/vc_column][\/vc_row][vc_row row_hide=&#8221;hidden-xs hidden-sm&#8221;][vc_column][vc_empty_space height=&#8221;320px&#8221;][\/vc_column][\/vc_row][vc_row full_width=&#8221;stretch_row&#8221; el_class=&#8221;reverse&#8221;][vc_column width=&#8221;1\/2&#8243; css=&#8221;.vc_custom_1701851626312{padding-right: 0px !important;padding-left: 0px !important;}&#8221; responsive_css=&#8221;padding_right_large:3vw|padding_left_large:10vw&#8221;][vc_row_inner][vc_column_inner width=&#8221;2\/3&#8243; css=&#8221;.vc_custom_1701198223227{margin-top: -90px !important;}&#8221;][vc_single_image image=&#8221;237&#8243; img_size=&#8221;full&#8221; onclick=&#8221;link_image&#8221;][\/vc_column_inner][vc_column_inner width=&#8221;1\/3&#8243;][vc_single_image image=&#8221;315&#8243; img_size=&#8221;full&#8221; onclick=&#8221;link_image&#8221;][\/vc_column_inner][\/vc_row_inner][vc_row_inner][vc_column_inner][vc_single_image image=&#8221;229&#8243; img_size=&#8221;full&#8221; onclick=&#8221;link_image&#8221;][\/vc_column_inner][\/vc_row_inner][vc_empty_space][\/vc_column][vc_column width=&#8221;1\/2&#8243; css=&#8221;.vc_custom_1701198301765{padding-right: 11vw !important;}&#8221;][vc_column_text]<\/p>\n<h1><span style=\"font-size: 10px;\">Marrakech H\u00e9bergement<\/span><\/h1>\n<p>[\/vc_column_text][vc_column_text]<\/p>\n<h2>La chambre<br \/>\n<span style=\"color: #c74242;\">DES LIONS<\/span><\/h2>\n<p>[\/vc_column_text][vc_empty_space][vc_column_text el_class=&#8221;textlineheight&#8221;]Situ\u00e9e au rez-de-chauss\u00e9e, la suite &#8220;Des Lions&#8221; de 44m2 raconte l&#8217;histoire d&#8217;une passion pour la collection de lions. La salle de bain spacieuse avec banquette chauffante rappelle les hammams orientaux. La suite dispose d&#8217;un lit double, ainsi que de toilettes s\u00e9par\u00e9es, du chauffage au sol, de la climatisation et d&#8217;un acc\u00e8s direct \u00e0 la piscine.[\/vc_column_text][vc_empty_space][vc_row_inner][vc_column_inner width=&#8221;2\/3&#8243;]<style>.ld_icon_box_69e5ee3541735 h3{margin-bottom:px;}.ld_icon_box_69e5ee3541735 .iconbox-icon-container{border-radius:px;}<\/style>\n<div class=\"iconbox iconbox-side ld_icon_box_69e5ee3541735\" id=\"ld_icon_box_69e5ee3541735\"   >\n\t\n\t\t<div class=\"iconbox-icon-wrap\"><span class=\"iconbox-icon-container\"><i class=\"icon-arrows_check\"><\/i><\/span><\/div><!-- \/.iconbox-icon-wrap -->\t\n\t\t\n\t<div class=\"contents\">\t\n\t\t<p>44 m2 au rez-de-chauss\u00e9e<\/p>\n\t\t\n\t<\/div>\t\n\t\n<\/div>\n<style>.ld_icon_box_69e5ee3541e2c h3{margin-bottom:px;}.ld_icon_box_69e5ee3541e2c .iconbox-icon-container{border-radius:px;}<\/style>\n<div class=\"iconbox iconbox-side ld_icon_box_69e5ee3541e2c\" id=\"ld_icon_box_69e5ee3541e2c\"   >\n\t\n\t\t<div class=\"iconbox-icon-wrap\"><span class=\"iconbox-icon-container\"><i class=\"icon-arrows_check\"><\/i><\/span><\/div><!-- \/.iconbox-icon-wrap -->\t\n\t\t\n\t<div class=\"contents\">\t\n\t\t<p>Acc\u00e8s direct \u00e0 la cour int\u00e9rieure avec piscine<\/p>\n\t\t\n\t<\/div>\t\n\t\n<\/div>\n<style>.ld_icon_box_69e5ee3542344 h3{margin-bottom:px;}.ld_icon_box_69e5ee3542344 .iconbox-icon-container{border-radius:px;}<\/style>\n<div class=\"iconbox iconbox-side ld_icon_box_69e5ee3542344\" id=\"ld_icon_box_69e5ee3542344\"   >\n\t\n\t\t<div class=\"iconbox-icon-wrap\"><span class=\"iconbox-icon-container\"><i class=\"icon-arrows_check\"><\/i><\/span><\/div><!-- \/.iconbox-icon-wrap -->\t\n\t\t\n\t<div class=\"contents\">\t\n\t\t<p>Pour 2 personnes<\/p>\n\t\t\n\t<\/div>\t\n\t\n<\/div>\n<style>.ld_icon_box_69e5ee35424b3 h3{margin-bottom:px;}.ld_icon_box_69e5ee35424b3 .iconbox-icon-container{border-radius:px;}<\/style>\n<div class=\"iconbox iconbox-side ld_icon_box_69e5ee35424b3\" id=\"ld_icon_box_69e5ee35424b3\"   >\n\t\n\t\t<div class=\"iconbox-icon-wrap\"><span class=\"iconbox-icon-container\"><i class=\"icon-arrows_check\"><\/i><\/span><\/div><!-- \/.iconbox-icon-wrap -->\t\n\t\t\n\t<div class=\"contents\">\t\n\t\t<p class=\"p1\"><span class=\"s1\">Un lit \u00e0 deux places,<\/span> <span class=\"s1\">Niche pour s&#8217;asseoir, <\/span><span class=\"s3\">fauteuil \u00e0 oreilles,<\/span> <span class=\"s3\">Bureau de travail,<\/span> <span class=\"s3\">Salle de bain<\/span> <span class=\"s3\">&amp; <\/span><span class=\"s7\">WC<\/span><\/p>\n\t\t\n\t<\/div>\t\n\t\n<\/div>\n<style>.ld_icon_box_69e5ee354259c h3{margin-bottom:px;}.ld_icon_box_69e5ee354259c .iconbox-icon-container{border-radius:px;}<\/style>\n<div class=\"iconbox iconbox-side ld_icon_box_69e5ee354259c\" id=\"ld_icon_box_69e5ee354259c\"   >\n\t\n\t\t<div class=\"iconbox-icon-wrap\"><span class=\"iconbox-icon-container\"><i class=\"icon-arrows_check\"><\/i><\/span><\/div><!-- \/.iconbox-icon-wrap -->\t\n\t\t\n\t<div class=\"contents\">\t\n\t\t<p>A partir de \u20ac 168,-\/nuit pour 2 personnes incl. Petit d\u00e9jeuner<\/p>\n\t\t\n\t<\/div>\t\n\t\n<\/div>\n[\/vc_column_inner][vc_column_inner width=&#8221;1\/3&#8243;][vc_masonry_media_grid element_width=&#8221;12&#8243; grid_id=&#8221;vc_gid:1715922468592-42068866-499f-5&#8243; include=&#8221;465&#8243;][\/vc_column_inner][\/vc_row_inner][vc_empty_space][\/vc_column][\/vc_row][vc_row][vc_column][vc_empty_space height=&#8221;100px&#8221;][\/vc_column][\/vc_row][vc_row][vc_column][vc_column_text]<\/p>\n<h2 style=\"text-align: center;\"><span style=\"font-size: 10px;\">Marrakech H\u00e9bergement<\/span><\/h2>\n<p>[\/vc_column_text][vc_column_text]<\/p>\n<h2 style=\"text-align: center;\">Impressions<\/h2>\n<p>[\/vc_column_text][vc_empty_space height=&#8221;60px&#8221;][vc_media_grid style=&#8221;lazy&#8221; element_width=&#8221;2&#8243; gap=&#8221;10&#8243; grid_id=&#8221;vc_gid:1715922468593-dba08113-084e-8&#8243; include=&#8221;311,519,313,314,320,312,315,316,319,317,318&#8243;][\/vc_column][\/vc_row][vc_row][vc_column][vc_empty_space height=&#8221;200px&#8221;][\/vc_column][\/vc_row][vc_row][vc_column][vc_column_text]<\/p>\n<h2 style=\"text-align: center;\"><a href=\"https:\/\/www.riyadlionrouge.com\/fr\/lhotel\/\"><span style=\"font-size: 10px;\">Marrakech H\u00e9bergement<\/span><\/a><\/h2>\n<p>[\/vc_column_text][vc_column_text]<\/p>\n<h2 style=\"text-align: center;\">V\u00e9rifier les disponibilit\u00e9s<\/h2>\n<p>[\/vc_column_text][vc_empty_space height=&#8221;60px&#8221;][vc_raw_html]PGRpdiBpZD0icHJpY2VzRnJhbWUiPjwvZGl2Pgo8c2NyaXB0IHR5cGU9InRleHQvamF2YXNjcmlwdCIgc3JjPSIvL3d3dy5lYXN5LWJvb2tpbmcuYXQvZWJQbHVnaW5zL3ByaWNlcy9qcXVlcnkuZWFzeWJvb2tpbmcucHJpY2VsaXN0LnYyLmpzIj48L3NjcmlwdD4KPHNjcmlwdCB0eXBlPSJ0ZXh0L2phdmFzY3JpcHQiPgpmdW5jdGlvbiBlYlByaWNlc0xvYWRlZENoZWNrKCkgewogICAgaWYodHlwZW9mIGpRdWVyeSAhPSAidW5kZWZpbmVkIikgewogICAgICAgIGlmKGpRdWVyeS5mbi5lYlByaWNlbGlzdCkgewogICAgICAgICAgICBqUXVlcnkoIiNwcmljZXNGcmFtZSIpLmViUHJpY2VsaXN0KHsKICAgICAgICAgICAgICAgIGN1c3RvbWVySWQ6IDEwNzYyLAogICAgICAgICAgc2VyaWFsTm86ICI4Njc3LTg1MTAtNjUxOSIsCiAgICAgICAgICAgICAgICBsb2NhbGVJZDogMiwKICAgICAgICAgICAgICAgIGxvYWRDU1MgOiB0cnVlLAogICAgICAgICAgICAgICAgYXJyaXZhbERhdGUgOiAiIiwKICAgICAgICAgICAgICAgIGNhdGVnb3J5IDogIjExIiwKICAgICAgICAgICAgICAgIHNob3dBdmFpbGFiaWxpdHk6IHRydWUsCiAgICAgICAgICAgICAgICBlbnF1aXJ5UGFnZSA6ICJwb3B1cCIsCiAgICAgICAgICAgICAgICBib29raW5nUGFnZSA6ICJwb3B1cCIsCiAgICAgICAgICAgICAgICBib29raW5nRW5naW5lOiAyCiAgICAgICAgICAgIH0pOwogICAgICAgIH0gZWxzZXtzZXRUaW1lb3V0KGViUHJpY2VzTG9hZGVkQ2hlY2ssMjAwKTt9CiAgICB9ZWxzZXtzZXRUaW1lb3V0KGViUHJpY2VzTG9hZGVkQ2hlY2ssMjAwKTt9Cn0KZWJQcmljZXNMb2FkZWRDaGVjaygpOwo8L3NjcmlwdD4=[\/vc_raw_html][\/vc_column][\/vc_row][vc_row][vc_column][vc_empty_space height=&#8221;120px&#8221;][\/vc_column][\/vc_row][vc_row][vc_column][vc_column_text]<\/p>\n<h2>Toutes les chambres<\/h2>\n<p>[\/vc_column_text][vc_empty_space height=&#8221;60px&#8221;][\/vc_column][\/vc_row][vc_row full_width=&#8221;stretch_row&#8221;][vc_column css=&#8221;.vc_custom_1701851644128{padding-left: 0px !important;}&#8221; responsive_css=&#8221;padding_left_large:11vw&#8221;]<div style=\"visibility: hidden;\" id=\"carousel-anything-1\" class=\"gambit-carousel-anything carousel-anything-container owl-ca-carousel  has-arrows ca-equal-height\" data-slide-anim=\"\" data-rtl=\"false\" data-items=\"1\"data-totalitems=\"2\" data-scroll_per_page=\"\" data-autoplay=\"5000\"data-items-tablet=\"1\" data-items-mobile=\"1\" data-stop-on-hover=\"\" data-speed-scroll=\"800\" data-speed-rewind=\"1000\"data-thumbnails=\"arrow\" data-navigation=\"true\" data-touchdrag=\"false\" data-keyboard=\"false\" data-alignment=\"50\"data-start=\"0\">[vc_row_inner][vc_column_inner width=&#8221;1\/4&#8243;][vc_single_image image=&#8221;229&#8243; img_size=&#8221;full&#8221;][vc_column_text]<span style=\"color: #c74242;\"><strong><span style=\"font-size: 32px;\">DES LIONS<\/span><\/strong><\/span>[\/vc_column_text][vc_column_text]2 personnes[\/vc_column_text][vc_empty_space height=&#8221;10px&#8221;]<style>.ld_button_69e5ee35426c6.btn-icon-solid .btn-icon{background:rgb(0, 0, 0);}.ld_button_69e5ee35426c6.btn-icon-circle.btn-icon-ripple .btn-icon:before{border-color:rgb(0, 0, 0);}.ld_button_69e5ee35426c6.btn-icon-solid:hover .btn-icon{background:rgb(0, 0, 0);}.ld_button_69e5ee35426c6{color:rgb(0, 0, 0);}.ld_button_69e5ee35426c6:hover{color:rgb(0, 0, 0);}<\/style><a href=\"https:\/\/www.riyadlionrouge.com\/room1-des-lions\/\" title=\"DES LIONS\" class=\"btn btn-naked buttonright ld_button_69e5ee35426c6 vc_custom_1701280567350\">\n\t<span>\n\t\t\n\t\t\t\t\t<span class=\"btn-txt\">Zimmer ansehen<\/span>\n\t\t\t\n\t<span class=\"btn-icon\"><i class=\"icon-md-arrow-forward\"><\/i><\/span>\t\t\t<\/span>\n<\/a>\n[\/vc_column_inner][vc_column_inner width=&#8221;1\/4&#8243;][vc_single_image image=&#8221;324&#8243; img_size=&#8221;full&#8221;][vc_column_text]<span style=\"color: #c74242;\"><strong><span style=\"font-size: 32px;\">ALHAMBRA<\/span><\/strong><\/span>[\/vc_column_text][vc_column_text]2 personnes[\/vc_column_text][vc_empty_space height=&#8221;10px&#8221;]<style>.ld_button_69e5ee35429de.btn-icon-solid .btn-icon{background:rgb(0, 0, 0);}.ld_button_69e5ee35429de.btn-icon-circle.btn-icon-ripple .btn-icon:before{border-color:rgb(0, 0, 0);}.ld_button_69e5ee35429de.btn-icon-solid:hover .btn-icon{background:rgb(0, 0, 0);}.ld_button_69e5ee35429de{color:rgb(0, 0, 0);}.ld_button_69e5ee35429de:hover{color:rgb(0, 0, 0);}<\/style><a href=\"https:\/\/www.riyadlionrouge.com\/room2-alhambra\/\" title=\"ALHAMBRA\" class=\"btn btn-naked buttonright ld_button_69e5ee35429de vc_custom_1701280629839\">\n\t<span>\n\t\t\n\t\t\t\t\t<span class=\"btn-txt\">Zimmer ansehen<\/span>\n\t\t\t\n\t<span class=\"btn-icon\"><i class=\"icon-md-arrow-forward\"><\/i><\/span>\t\t\t<\/span>\n<\/a>\n[\/vc_column_inner][vc_column_inner width=&#8221;1\/4&#8243;][vc_single_image image=&#8221;335&#8243; img_size=&#8221;full&#8221;][vc_column_text]<span style=\"color: #c74242;\"><strong><span style=\"font-size: 32px;\">L&#8217;ORIENT<\/span><\/strong><\/span>[\/vc_column_text][vc_column_text]2 personnes[\/vc_column_text][vc_empty_space height=&#8221;10px&#8221;]<style>.ld_button_69e5ee3542e0c.btn-icon-solid .btn-icon{background:rgb(0, 0, 0);}.ld_button_69e5ee3542e0c.btn-icon-circle.btn-icon-ripple .btn-icon:before{border-color:rgb(0, 0, 0);}.ld_button_69e5ee3542e0c.btn-icon-solid:hover .btn-icon{background:rgb(0, 0, 0);}.ld_button_69e5ee3542e0c{color:rgb(0, 0, 0);}.ld_button_69e5ee3542e0c:hover{color:rgb(0, 0, 0);}<\/style><a href=\"https:\/\/www.riyadlionrouge.com\/room3-lorient\/\" title=\"L\u2019ORIENT\" class=\"btn btn-naked buttonright ld_button_69e5ee3542e0c vc_custom_1701280681593\">\n\t<span>\n\t\t\n\t\t\t\t\t<span class=\"btn-txt\">Zimmer ansehen<\/span>\n\t\t\t\n\t<span class=\"btn-icon\"><i class=\"icon-md-arrow-forward\"><\/i><\/span>\t\t\t<\/span>\n<\/a>\n[\/vc_column_inner][vc_column_inner width=&#8221;1\/4&#8243;][vc_single_image image=&#8221;363&#8243; img_size=&#8221;full&#8221;][vc_column_text]<span style=\"color: #c74242;\"><strong><span style=\"font-size: 32px;\">DEUX JARDIN<\/span><\/strong><\/span>[\/vc_column_text][vc_column_text]2 personnes[\/vc_column_text][vc_empty_space height=&#8221;10px&#8221;]<style>.ld_button_69e5ee3542f52.btn-icon-solid .btn-icon{background:rgb(0, 0, 0);}.ld_button_69e5ee3542f52.btn-icon-circle.btn-icon-ripple .btn-icon:before{border-color:rgb(0, 0, 0);}.ld_button_69e5ee3542f52.btn-icon-solid:hover .btn-icon{background:rgb(0, 0, 0);}.ld_button_69e5ee3542f52{color:rgb(0, 0, 0);}.ld_button_69e5ee3542f52:hover{color:rgb(0, 0, 0);}<\/style><a href=\"https:\/\/www.riyadlionrouge.com\/room4-deux-jardin\/\" title=\"DEUX JARDIN\" class=\"btn btn-naked buttonright ld_button_69e5ee3542f52 vc_custom_1701280713269\">\n\t<span>\n\t\t\n\t\t\t\t\t<span class=\"btn-txt\">Zimmer ansehen<\/span>\n\t\t\t\n\t<span class=\"btn-icon\"><i class=\"icon-md-arrow-forward\"><\/i><\/span>\t\t\t<\/span>\n<\/a>\n[\/vc_column_inner][\/vc_row_inner][vc_row_inner][vc_column_inner width=&#8221;1\/4&#8243;][vc_single_image image=&#8221;381&#8243; img_size=&#8221;full&#8221;][vc_column_text]<span style=\"color: #c74242;\"><strong><span style=\"font-size: 32px;\">ATELIER DE HAMMAM<\/span><\/strong><\/span>[\/vc_column_text][vc_column_text]3 personnes[\/vc_column_text][vc_empty_space height=&#8221;10px&#8221;]<style>.ld_button_69e5ee3542feb.btn-icon-solid .btn-icon{background:rgb(0, 0, 0);}.ld_button_69e5ee3542feb.btn-icon-circle.btn-icon-ripple .btn-icon:before{border-color:rgb(0, 0, 0);}.ld_button_69e5ee3542feb.btn-icon-solid:hover .btn-icon{background:rgb(0, 0, 0);}.ld_button_69e5ee3542feb{color:rgb(0, 0, 0);}.ld_button_69e5ee3542feb:hover{color:rgb(0, 0, 0);}<\/style><a href=\"https:\/\/www.riyadlionrouge.com\/room5-atelier-de-hamam\/\" title=\"atelier de hamam\" class=\"btn btn-naked buttonright ld_button_69e5ee3542feb vc_custom_1701280830665\">\n\t<span>\n\t\t\n\t\t\t\t\t<span class=\"btn-txt\">Zimmer ansehen<\/span>\n\t\t\t\n\t<span class=\"btn-icon\"><i class=\"icon-md-arrow-forward\"><\/i><\/span>\t\t\t<\/span>\n<\/a>\n[\/vc_column_inner][vc_column_inner width=&#8221;1\/4&#8243;][vc_single_image image=&#8221;1340&#8243; img_size=&#8221;full&#8221;][vc_column_text]<span style=\"color: #c74242;\"><strong><span style=\"font-size: 32px;\">DU SOLEIL<\/span><\/strong><\/span>[\/vc_column_text][vc_column_text]2 personnes[\/vc_column_text][vc_empty_space height=&#8221;10px&#8221;]<style>.ld_button_69e5ee354306a.btn-icon-solid .btn-icon{background:rgb(0, 0, 0);}.ld_button_69e5ee354306a.btn-icon-circle.btn-icon-ripple .btn-icon:before{border-color:rgb(0, 0, 0);}.ld_button_69e5ee354306a.btn-icon-solid:hover .btn-icon{background:rgb(0, 0, 0);}.ld_button_69e5ee354306a{color:rgb(0, 0, 0);}.ld_button_69e5ee354306a:hover{color:rgb(0, 0, 0);}<\/style><a href=\"https:\/\/www.riyadlionrouge.com\/room6-du-soleil\/\" title=\"DU SOLEIL\" class=\"btn btn-naked buttonright ld_button_69e5ee354306a vc_custom_1701280857468\">\n\t<span>\n\t\t\n\t\t\t\t\t<span class=\"btn-txt\">Zimmer ansehen<\/span>\n\t\t\t\n\t<span class=\"btn-icon\"><i class=\"icon-md-arrow-forward\"><\/i><\/span>\t\t\t<\/span>\n<\/a>\n[\/vc_column_inner][vc_column_inner width=&#8221;1\/4&#8243;][vc_single_image image=&#8221;412&#8243; img_size=&#8221;full&#8221;][vc_column_text]<span style=\"color: #c74242;\"><strong><span style=\"font-size: 32px;\">ATELIER DES LUMI\u00c8RES<\/span><\/strong><\/span>[\/vc_column_text][vc_column_text]2 personnes[\/vc_column_text][vc_empty_space height=&#8221;10px&#8221;]<style>.ld_button_69e5ee35430e2.btn-icon-solid .btn-icon{background:rgb(0, 0, 0);}.ld_button_69e5ee35430e2.btn-icon-circle.btn-icon-ripple .btn-icon:before{border-color:rgb(0, 0, 0);}.ld_button_69e5ee35430e2.btn-icon-solid:hover .btn-icon{background:rgb(0, 0, 0);}.ld_button_69e5ee35430e2{color:rgb(0, 0, 0);}.ld_button_69e5ee35430e2:hover{color:rgb(0, 0, 0);}<\/style><a href=\"https:\/\/www.riyadlionrouge.com\/room7-atelier-des-lumieres\/\" title=\"ATELIER DES LUMI\u00c8RES\" class=\"btn btn-naked buttonright ld_button_69e5ee35430e2 vc_custom_1701280890492\">\n\t<span>\n\t\t\n\t\t\t\t\t<span class=\"btn-txt\">Zimmer ansehen<\/span>\n\t\t\t\n\t<span class=\"btn-icon\"><i class=\"icon-md-arrow-forward\"><\/i><\/span>\t\t\t<\/span>\n<\/a>\n[\/vc_column_inner][vc_column_inner width=&#8221;1\/4&#8243;][vc_single_image image=&#8221;450&#8243; img_size=&#8221;full&#8221;][vc_column_text]<span style=\"color: #c74242;\"><strong><span style=\"font-size: 32px;\">ALHAYAT<\/span><\/strong><\/span>[\/vc_column_text][vc_column_text]2 personnes[\/vc_column_text][vc_empty_space height=&#8221;10px&#8221;]<style>.ld_button_69e5ee3543156.btn-icon-solid .btn-icon{background:rgb(0, 0, 0);}.ld_button_69e5ee3543156.btn-icon-circle.btn-icon-ripple .btn-icon:before{border-color:rgb(0, 0, 0);}.ld_button_69e5ee3543156.btn-icon-solid:hover .btn-icon{background:rgb(0, 0, 0);}.ld_button_69e5ee3543156{color:rgb(0, 0, 0);}.ld_button_69e5ee3543156:hover{color:rgb(0, 0, 0);}<\/style><a href=\"https:\/\/www.riyadlionrouge.com\/room8-alhayat\/\" title=\"ALHAYAT\" class=\"btn btn-naked buttonright ld_button_69e5ee3543156 vc_custom_1701280951741\">\n\t<span>\n\t\t\n\t\t\t\t\t<span class=\"btn-txt\">Zimmer ansehen<\/span>\n\t\t\t\n\t<span class=\"btn-icon\"><i class=\"icon-md-arrow-forward\"><\/i><\/span>\t\t\t<\/span>\n<\/a>\n[\/vc_column_inner][\/vc_row_inner]<\/div>[\/vc_column][\/vc_row]<\/p>\n<\/section>","protected":false},"excerpt":{"rendered":"<p>[vc_row full_width=&#8221;stretch_row&#8221; gap=&#8221;0&#8243; responsive_css=&#8221;margin_bottom_large:0px&#8221; css=&#8221;.vc_custom_1701851736552{margin-bottom: 50px !important;}&#8221;][vc_column width=&#8221;1\/4&#8243;][vc_empty_space height=&#8221;75px&#8221;][vc_column_text el_class=&#8221;hidemobile&#8221;][\/vc_column_text][\/vc_column][vc_column width=&#8221;3\/4&#8243; css=&#8221;.vc_custom_1701281772057{background-image: url(https:\/\/www.riyadlionrouge.com\/wp-content\/uploads\/2023\/11\/Des-Lions-room-1-1.webp?id=232) !important;background-position: center&#8230;<\/p>\n","protected":false},"author":1,"featured_media":0,"parent":0,"menu_order":1,"comment_status":"closed","ping_status":"closed","template":"","meta":{"inline_featured_image":false,"wp_popup_display_lightbox":0,"wp_popup_suppress":"","wp_popup_trigger":"","wp_popup_trigger_amount":0,"wp_popup_disable_on_mobile":false,"footnotes":""},"_links":{"self":[{"href":"https:\/\/www.riyadlionrouge.com\/fr\/wp-json\/wp\/v2\/pages\/1272"}],"collection":[{"href":"https:\/\/www.riyadlionrouge.com\/fr\/wp-json\/wp\/v2\/pages"}],"about":[{"href":"https:\/\/www.riyadlionrouge.com\/fr\/wp-json\/wp\/v2\/types\/page"}],"author":[{"embeddable":true,"href":"https:\/\/www.riyadlionrouge.com\/fr\/wp-json\/wp\/v2\/users\/1"}],"replies":[{"embeddable":true,"href":"https:\/\/www.riyadlionrouge.com\/fr\/wp-json\/wp\/v2\/comments?post=1272"}],"version-history":[{"count":20,"href":"https:\/\/www.riyadlionrouge.com\/fr\/wp-json\/wp\/v2\/pages\/1272\/revisions"}],"predecessor-version":[{"id":2063,"href":"https:\/\/www.riyadlionrouge.com\/fr\/wp-json\/wp\/v2\/pages\/1272\/revisions\/2063"}],"wp:attachment":[{"href":"https:\/\/www.riyadlionrouge.com\/fr\/wp-json\/wp\/v2\/media?parent=1272"}],"curies":[{"name":"wp","href":"https:\/\/api.w.org\/{rel}","templated":true}]}}