{"id":1261,"date":"2023-11-28T18:31:02","date_gmt":"2023-11-28T18:31:02","guid":{"rendered":"https:\/\/www.riyadlionrouge.com\/les-chambres\/"},"modified":"2023-12-14T17:02:41","modified_gmt":"2023-12-14T17:02:41","slug":"les-chambres","status":"publish","type":"page","link":"https:\/\/www.riyadlionrouge.com\/fr\/les-chambres\/","title":{"rendered":"Les chambres"},"content":{"rendered":"<section class=\"wpb-content-wrapper\"><p>[vc_row full_width=&#8221;stretch_row&#8221; gap=&#8221;0&#8243;][vc_column width=&#8221;1\/4&#8243;][vc_empty_space height=&#8221;75px&#8221;][vc_column_text el_class=&#8221;hidemobile&#8221;]<img decoding=\"async\" class=\"wp-image-25 aligncenter\" src=\"https:\/\/www.riyadlionrouge.com\/wp-content\/uploads\/2023\/11\/logo-176x300.png\" alt=\"\" width=\"103\" height=\"176\" srcset=\"https:\/\/www.riyadlionrouge.com\/wp-content\/uploads\/2023\/11\/logo-176x300.png 176w, https:\/\/www.riyadlionrouge.com\/wp-content\/uploads\/2023\/11\/logo.png 217w\" sizes=\"(max-width: 103px) 100vw, 103px\" \/>[\/vc_column_text][\/vc_column][vc_column width=&#8221;3\/4&#8243; css=&#8221;.vc_custom_1701450611503{background-image: url(https:\/\/www.riyadlionrouge.com\/wp-content\/uploads\/2023\/12\/riyad-lion-rouge-room-al-hayat-1.webp?id=444) !important;background-position: center !important;background-repeat: no-repeat !important;background-size: cover !important;}&#8221;][vc_empty_space height=&#8221;300px&#8221;][\/vc_column][\/vc_row][vc_row][vc_column][vc_empty_space height=&#8221;120px&#8221;][\/vc_column][\/vc_row][vc_row full_width=&#8221;stretch_row&#8221; el_class=&#8221;reverse&#8221;][vc_column width=&#8221;1\/2&#8243; responsive_css=&#8221;padding_right_large:3vw|padding_left_large:10vw&#8221;][vc_empty_space height=&#8221;70px&#8221;][vc_column_text]<\/p>\n<h1><span style=\"font-size: 10px;\">Marrakech Medina H\u00f4tel<\/span><\/h1>\n<p>[\/vc_column_text][vc_column_text]<\/p>\n<h2 style=\"text-align: left;\">Les appartements<\/h2>\n<p>[\/vc_column_text][vc_empty_space][vc_column_text el_class=&#8221;textlineheight&#8221;]Choisissez l&#8217;un des huit appartements con\u00e7us avec une grande attention aux d\u00e9tails.<br \/>\nIci, l&#8217;ancien b\u00e2timent restaur\u00e9 avec soin rencontre une architecture moderne avec une hauteur de pi\u00e8ce pouvant atteindre 5 m\u00e8tres. Ainsi, chaque suite du Riyad Lion Rouge cr\u00e9e son propre petit monde fait de sobri\u00e9t\u00e9 associ\u00e9e \u00e0 des points forts architecturaux et \u00e0 des couleurs vives comme le p\u00e9trole, le rose et le bleu Yves Klein.<\/p>\n<p><strong>Tous les prix s&#8217;entendent y compris petit-d\u00e9jeuner copieux tous les jours \u00e0 partir de 10h00 sur nos terrasses sur le toit et utilisation gratuite de la piscine.<\/strong>[\/vc_column_text][\/vc_column][vc_column width=&#8221;1\/2&#8243;][vc_single_image image=&#8221;322&#8243; img_size=&#8221;full&#8221;][\/vc_column][\/vc_row][vc_row][vc_column][vc_empty_space height=&#8221;200px&#8221;][\/vc_column][\/vc_row][vc_row full_width=&#8221;stretch_row&#8221; gap=&#8221;35&#8243; css=&#8221;.vc_custom_1701197397372{padding-right: 11vw !important;padding-left: 11vw !important;}&#8221;][vc_column width=&#8221;1\/3&#8243;]<style>.ld_flipbox_69e5ed151668e .ld-flipbox-front{background-image:url(https:\/\/www.riyadlionrouge.com\/wp-content\/uploads\/2023\/12\/riyad-lion-rouge-room-des-lion3.webp);}.ld_flipbox_69e5ed151668e .ld-flipbox-back{background-image:url(https:\/\/www.riyadlionrouge.com\/wp-content\/uploads\/2023\/12\/riyad-lion-rouge-room-des-lion2.webp);}<\/style><div class=\"ld-flipbox ld-flipbox-shadow ld_flipbox_69e5ed151668e\" >\n\t<div class=\"ld-flipbox-wrap\" >\n\t\t<div id=\"ld_flipbox_section_69e5ed151660c\" class=\"ld-flipbox-face ld-flipbox-front\"><span class=\"ld-flipbox-overlay ld-overlay\"><\/span><div class=\"ld-flipbox-inner\"><p>[vc_empty_space height=&#8221;80px&#8221;]<\/p>\n<\/div><\/div><div id=\"ld_flipbox_section_69e5ed151667a\" class=\"ld-flipbox-face ld-flipbox-back\"><span class=\"ld-flipbox-overlay ld-overlay\"><\/span><div class=\"ld-flipbox-inner\"><\/div><\/div>\t<\/div>\n<\/div>[vc_column_text]<span style=\"color: #c74242;\"><strong><span style=\"font-size: 32px;\">DES LIONS<\/span><\/strong><\/span>[\/vc_column_text][vc_column_text]2 personnes[\/vc_column_text][vc_empty_space height=&#8221;10px&#8221;][vc_row_inner][vc_column_inner align=&#8221;text-right&#8221;]<a href=\"https:\/\/www.riyadlionrouge.com\/fr\/des-lions\/\" title=\"Zimmer 1\" class=\"btn btn-naked ld_button_69e5ed1516b15\">\n\t<span>\n\t\t\n\t\t\t\t\t<span class=\"btn-txt\">Voir la chambre maintenant<\/span>\n\t\t\t\n\t<span class=\"btn-icon\"><i class=\"icon-md-arrow-forward\"><\/i><\/span>\t\t\t<\/span>\n<\/a>\n[\/vc_column_inner][\/vc_row_inner][vc_empty_space height=&#8221;20px&#8221;][\/vc_column][vc_column width=&#8221;1\/3&#8243;]<style>.ld_flipbox_69e5ed1516d4e .ld-flipbox-front{background-image:url(https:\/\/www.riyadlionrouge.com\/wp-content\/uploads\/2023\/12\/riyad-lion-rouge-room-alhambra3.webp);}.ld_flipbox_69e5ed1516d4e .ld-flipbox-back{background-image:url(https:\/\/www.riyadlionrouge.com\/wp-content\/uploads\/2023\/12\/riyad-lion-rouge-room-alhambra5.webp);}<\/style><div class=\"ld-flipbox ld_flipbox_69e5ed1516d4e\" >\n\t<div class=\"ld-flipbox-wrap\" >\n\t\t<div id=\"ld_flipbox_section_69e5ed1516cf8\" class=\"ld-flipbox-face ld-flipbox-front\"><span class=\"ld-flipbox-overlay ld-overlay\"><\/span><div class=\"ld-flipbox-inner\"><p>[vc_empty_space height=&#8221;80px&#8221;]<\/p>\n<\/div><\/div><div id=\"ld_flipbox_section_69e5ed1516d3d\" class=\"ld-flipbox-face ld-flipbox-back\"><span class=\"ld-flipbox-overlay ld-overlay\"><\/span><div class=\"ld-flipbox-inner\"><\/div><\/div>\t<\/div>\n<\/div>[vc_column_text]<span style=\"color: #c74242;\"><strong><span style=\"font-size: 32px;\">ALHAMBRA<\/span><\/strong><\/span>[\/vc_column_text][vc_column_text]2 personnes[\/vc_column_text][vc_empty_space height=&#8221;10px&#8221;][vc_row_inner][vc_column_inner align=&#8221;text-right&#8221;]<a href=\"https:\/\/www.riyadlionrouge.com\/fr\/alhambra\/\" title=\"Zimmer 1\" class=\"btn btn-naked ld_button_69e5ed1517112\">\n\t<span>\n\t\t\n\t\t\t\t\t<span class=\"btn-txt\">Voir la chambre maintenant<\/span>\n\t\t\t\n\t<span class=\"btn-icon\"><i class=\"icon-md-arrow-forward\"><\/i><\/span>\t\t\t<\/span>\n<\/a>\n[\/vc_column_inner][\/vc_row_inner][vc_empty_space height=&#8221;20px&#8221;][\/vc_column][vc_column width=&#8221;1\/3&#8243;]<style>.ld_flipbox_69e5ed1517280 .ld-flipbox-front{background-image:url(https:\/\/www.riyadlionrouge.com\/wp-content\/uploads\/2023\/12\/riyad-lion-rouge-room-l-orient4-1.webp);}.ld_flipbox_69e5ed1517280 .ld-flipbox-back{background-image:url(https:\/\/www.riyadlionrouge.com\/wp-content\/uploads\/2023\/12\/riyad-lion-rouge-room-l-orient8.webp);}<\/style><div class=\"ld-flipbox ld_flipbox_69e5ed1517280\" >\n\t<div class=\"ld-flipbox-wrap\" >\n\t\t<div id=\"ld_flipbox_section_69e5ed1517237\" class=\"ld-flipbox-face ld-flipbox-front\"><span class=\"ld-flipbox-overlay ld-overlay\"><\/span><div class=\"ld-flipbox-inner\"><p>[vc_empty_space height=&#8221;80px&#8221;]<\/p>\n<\/div><\/div><div id=\"ld_flipbox_section_69e5ed1517271\" class=\"ld-flipbox-face ld-flipbox-back\"><span class=\"ld-flipbox-overlay ld-overlay\"><\/span><div class=\"ld-flipbox-inner\"><\/div><\/div>\t<\/div>\n<\/div>[vc_column_text]<span style=\"color: #c74242;\"><strong><span style=\"font-size: 32px;\">L&#8217;ORIENT<\/span><\/strong><\/span>[\/vc_column_text][vc_column_text]2 personnes[\/vc_column_text][vc_empty_space height=&#8221;10px&#8221;][vc_row_inner][vc_column_inner align=&#8221;text-right&#8221;]<a href=\"https:\/\/www.riyadlionrouge.com\/fr\/lorient\/\" title=\"Zimmer 1\" class=\"btn btn-naked ld_button_69e5ed15175af\">\n\t<span>\n\t\t\n\t\t\t\t\t<span class=\"btn-txt\">Voir la chambre maintenant<\/span>\n\t\t\t\n\t<span class=\"btn-icon\"><i class=\"icon-md-arrow-forward\"><\/i><\/span>\t\t\t<\/span>\n<\/a>\n[\/vc_column_inner][\/vc_row_inner][vc_empty_space height=&#8221;20px&#8221;][\/vc_column][\/vc_row][vc_row row_hide=&#8221;hidden-xs hidden-sm&#8221;][vc_column][vc_empty_space height=&#8221;100px&#8221;][\/vc_column][\/vc_row][vc_row full_width=&#8221;stretch_row&#8221; gap=&#8221;35&#8243; css=&#8221;.vc_custom_1701197397372{padding-right: 11vw !important;padding-left: 11vw !important;}&#8221;][vc_column width=&#8221;1\/3&#8243;]<style>.ld_flipbox_69e5ed1517714 .ld-flipbox-front{background-image:url(https:\/\/www.riyadlionrouge.com\/wp-content\/uploads\/2023\/12\/riyad-lion-rouge-room-deux-jardins8.webp);}.ld_flipbox_69e5ed1517714 .ld-flipbox-back{background-image:url(https:\/\/www.riyadlionrouge.com\/wp-content\/uploads\/2023\/12\/riyad-lion-rouge-room-deux-jardins10.webp);}<\/style><div class=\"ld-flipbox ld-flipbox-shadow ld_flipbox_69e5ed1517714\" >\n\t<div class=\"ld-flipbox-wrap\" >\n\t\t<div id=\"ld_flipbox_section_69e5ed15176ce\" class=\"ld-flipbox-face ld-flipbox-front\"><span class=\"ld-flipbox-overlay ld-overlay\"><\/span><div class=\"ld-flipbox-inner\"><p>[vc_empty_space height=&#8221;80px&#8221;]<\/p>\n<\/div><\/div><div id=\"ld_flipbox_section_69e5ed1517705\" class=\"ld-flipbox-face ld-flipbox-back\"><span class=\"ld-flipbox-overlay ld-overlay\"><\/span><div class=\"ld-flipbox-inner\"><\/div><\/div>\t<\/div>\n<\/div>[vc_column_text]<span style=\"color: #c74242;\"><strong><span style=\"font-size: 32px;\">DEUX JARDIN<\/span><\/strong><\/span>[\/vc_column_text][vc_column_text]2 personnes[\/vc_column_text][vc_empty_space height=&#8221;10px&#8221;][vc_row_inner][vc_column_inner align=&#8221;text-right&#8221;]<a href=\"https:\/\/www.riyadlionrouge.com\/fr\/deux-jardin\/\" title=\"Zimmer 1\" class=\"btn btn-naked ld_button_69e5ed1517a32\">\n\t<span>\n\t\t\n\t\t\t\t\t<span class=\"btn-txt\">Voir la chambre maintenant<\/span>\n\t\t\t\n\t<span class=\"btn-icon\"><i class=\"icon-md-arrow-forward\"><\/i><\/span>\t\t\t<\/span>\n<\/a>\n[\/vc_column_inner][\/vc_row_inner][vc_empty_space height=&#8221;20px&#8221;][\/vc_column][vc_column width=&#8221;1\/3&#8243;]<style>.ld_flipbox_69e5ed1517b62 .ld-flipbox-front{background-image:url(https:\/\/www.riyadlionrouge.com\/wp-content\/uploads\/2023\/12\/riyad-lion-rouge-room-atelier-de-hamam-11.webp);}.ld_flipbox_69e5ed1517b62 .ld-flipbox-back{background-image:url(https:\/\/www.riyadlionrouge.com\/wp-content\/uploads\/2023\/12\/riyad-lion-rouge-room-atelier-de-hamam-12.webp);}<\/style><div class=\"ld-flipbox ld_flipbox_69e5ed1517b62\" >\n\t<div class=\"ld-flipbox-wrap\" >\n\t\t<div id=\"ld_flipbox_section_69e5ed1517b20\" class=\"ld-flipbox-face ld-flipbox-front\"><span class=\"ld-flipbox-overlay ld-overlay\"><\/span><div class=\"ld-flipbox-inner\"><p>[vc_empty_space height=&#8221;80px&#8221;]<\/p>\n<\/div><\/div><div id=\"ld_flipbox_section_69e5ed1517b54\" class=\"ld-flipbox-face ld-flipbox-back\"><span class=\"ld-flipbox-overlay ld-overlay\"><\/span><div class=\"ld-flipbox-inner\"><\/div><\/div>\t<\/div>\n<\/div>[vc_column_text]<span style=\"color: #c74242;\"><strong><span style=\"font-size: 32px;\">ATELIER DE HAMMAM<\/span><\/strong><\/span>[\/vc_column_text][vc_column_text]jusqu&#8217;\u00e0 3 personnes[\/vc_column_text][vc_empty_space height=&#8221;10px&#8221;][vc_row_inner][vc_column_inner align=&#8221;text-right&#8221;]<a href=\"https:\/\/www.riyadlionrouge.com\/fr\/atelier-de-hammam\/\" title=\"Zimmer 1\" class=\"btn btn-naked ld_button_69e5ed1517ec2\">\n\t<span>\n\t\t\n\t\t\t\t\t<span class=\"btn-txt\">Voir la chambre maintenant<\/span>\n\t\t\t\n\t<span class=\"btn-icon\"><i class=\"icon-md-arrow-forward\"><\/i><\/span>\t\t\t<\/span>\n<\/a>\n[\/vc_column_inner][\/vc_row_inner][vc_empty_space height=&#8221;20px&#8221;][\/vc_column][vc_column width=&#8221;1\/3&#8243;]<style>.ld_flipbox_69e5ed1517fe8 .ld-flipbox-front{background-image:url(https:\/\/www.riyadlionrouge.com\/wp-content\/uploads\/2023\/12\/riyad-lion-rouge-room-soleil-9.webp);}.ld_flipbox_69e5ed1517fe8 .ld-flipbox-back{background-image:url(https:\/\/www.riyadlionrouge.com\/wp-content\/uploads\/2023\/12\/riyad-lion-rouge-room-soleil-10.webp);}<\/style><div class=\"ld-flipbox ld_flipbox_69e5ed1517fe8\" >\n\t<div class=\"ld-flipbox-wrap\" >\n\t\t<div id=\"ld_flipbox_section_69e5ed1517fa7\" class=\"ld-flipbox-face ld-flipbox-front\"><span class=\"ld-flipbox-overlay ld-overlay\"><\/span><div class=\"ld-flipbox-inner\"><p>[vc_empty_space height=&#8221;80px&#8221;]<\/p>\n<\/div><\/div><div id=\"ld_flipbox_section_69e5ed1517fda\" class=\"ld-flipbox-face ld-flipbox-back\"><span class=\"ld-flipbox-overlay ld-overlay\"><\/span><div class=\"ld-flipbox-inner\"><\/div><\/div>\t<\/div>\n<\/div>[vc_column_text]<span style=\"color: #c74242;\"><strong><span style=\"font-size: 32px;\">DU SOLEIL<\/span><\/strong><\/span>[\/vc_column_text][vc_column_text]2 personnes[\/vc_column_text][vc_empty_space height=&#8221;10px&#8221;][vc_row_inner][vc_column_inner align=&#8221;text-right&#8221;]<a href=\"https:\/\/www.riyadlionrouge.com\/fr\/du-soleil\/\" title=\"Zimmer 1\" class=\"btn btn-naked ld_button_69e5ed1518398\">\n\t<span>\n\t\t\n\t\t\t\t\t<span class=\"btn-txt\">Voir la chambre maintenant<\/span>\n\t\t\t\n\t<span class=\"btn-icon\"><i class=\"icon-md-arrow-forward\"><\/i><\/span>\t\t\t<\/span>\n<\/a>\n[\/vc_column_inner][\/vc_row_inner][vc_empty_space height=&#8221;20px&#8221;][\/vc_column][\/vc_row][vc_row row_hide=&#8221;hidden-xs hidden-sm&#8221;][vc_column][vc_empty_space height=&#8221;120px&#8221;][\/vc_column][\/vc_row][vc_row full_width=&#8221;stretch_row&#8221; gap=&#8221;35&#8243; css=&#8221;.vc_custom_1701197397372{padding-right: 11vw !important;padding-left: 11vw !important;}&#8221;][vc_column width=&#8221;1\/3&#8243;]<style>.ld_flipbox_69e5ed15184ed .ld-flipbox-front{background-image:url(https:\/\/www.riyadlionrouge.com\/wp-content\/uploads\/2023\/12\/riyad-lion-rouge-room-atelier-des-lumieres-4.webp);}.ld_flipbox_69e5ed15184ed .ld-flipbox-back{background-image:url(https:\/\/www.riyadlionrouge.com\/wp-content\/uploads\/2023\/12\/riyad-lion-rouge-room-atelier-des-lumieres-12.webp);}<\/style><div class=\"ld-flipbox ld-flipbox-shadow ld_flipbox_69e5ed15184ed\" >\n\t<div class=\"ld-flipbox-wrap\" >\n\t\t<div id=\"ld_flipbox_section_69e5ed15184a6\" class=\"ld-flipbox-face ld-flipbox-front\"><span class=\"ld-flipbox-overlay ld-overlay\"><\/span><div class=\"ld-flipbox-inner\"><p>[vc_empty_space height=&#8221;80px&#8221;]<\/p>\n<\/div><\/div><div id=\"ld_flipbox_section_69e5ed15184df\" class=\"ld-flipbox-face ld-flipbox-back\"><span class=\"ld-flipbox-overlay ld-overlay\"><\/span><div class=\"ld-flipbox-inner\"><\/div><\/div>\t<\/div>\n<\/div>[vc_column_text]<span style=\"color: #c74242;\"><strong><span style=\"font-size: 32px;\">ATELIER DES LUMI\u00c8RES<\/span><\/strong><\/span>[\/vc_column_text][vc_column_text]2 personnes[\/vc_column_text][vc_empty_space height=&#8221;10px&#8221;][vc_row_inner][vc_column_inner align=&#8221;text-right&#8221;]<a href=\"https:\/\/www.riyadlionrouge.com\/fr\/atelier-des-lumieres\/\" title=\"Zimmer 1\" class=\"btn btn-naked ld_button_69e5ed15188a6\">\n\t<span>\n\t\t\n\t\t\t\t\t<span class=\"btn-txt\">Voir la chambre maintenant<\/span>\n\t\t\t\n\t<span class=\"btn-icon\"><i class=\"icon-md-arrow-forward\"><\/i><\/span>\t\t\t<\/span>\n<\/a>\n[\/vc_column_inner][\/vc_row_inner][vc_empty_space height=&#8221;20px&#8221;][\/vc_column][vc_column width=&#8221;1\/3&#8243;]<style>.ld_flipbox_69e5ed15189dd .ld-flipbox-front{background-image:url(https:\/\/www.riyadlionrouge.com\/wp-content\/uploads\/2023\/12\/riyad-lion-rouge-room-al-hayat-5.webp);}.ld_flipbox_69e5ed15189dd .ld-flipbox-back{background-image:url(https:\/\/www.riyadlionrouge.com\/wp-content\/uploads\/2023\/12\/riyad-lion-rouge-room-al-hayat-11.webp);}<\/style><div class=\"ld-flipbox ld_flipbox_69e5ed15189dd\" >\n\t<div class=\"ld-flipbox-wrap\" >\n\t\t<div id=\"ld_flipbox_section_69e5ed151899c\" class=\"ld-flipbox-face ld-flipbox-front\"><span class=\"ld-flipbox-overlay ld-overlay\"><\/span><div class=\"ld-flipbox-inner\"><p>[vc_empty_space height=&#8221;80px&#8221;]<\/p>\n<\/div><\/div><div id=\"ld_flipbox_section_69e5ed15189cf\" class=\"ld-flipbox-face ld-flipbox-back\"><span class=\"ld-flipbox-overlay ld-overlay\"><\/span><div class=\"ld-flipbox-inner\"><\/div><\/div>\t<\/div>\n<\/div>[vc_column_text]<span style=\"color: #c74242;\"><strong><span style=\"font-size: 32px;\">ALHAYAT<\/span><\/strong><\/span>[\/vc_column_text][vc_column_text]2 personnes[\/vc_column_text][vc_empty_space height=&#8221;10px&#8221;][vc_row_inner][vc_column_inner align=&#8221;text-right&#8221;]<a href=\"https:\/\/www.riyadlionrouge.com\/fr\/alhayat\/\" title=\"Zimmer 1\" class=\"btn btn-naked ld_button_69e5ed1518cee\">\n\t<span>\n\t\t\n\t\t\t\t\t<span class=\"btn-txt\">Voir la chambre maintenant<\/span>\n\t\t\t\n\t<span class=\"btn-icon\"><i class=\"icon-md-arrow-forward\"><\/i><\/span>\t\t\t<\/span>\n<\/a>\n[\/vc_column_inner][\/vc_row_inner][vc_empty_space height=&#8221;20px&#8221;][\/vc_column][vc_column width=&#8221;1\/3&#8243;][\/vc_column][\/vc_row][vc_row][vc_column][vc_empty_space height=&#8221;120px&#8221;][vc_column_text]<\/p>\n<h2><span style=\"font-size: 10px;\">Marrakech Medina H\u00f4tel<\/span><\/h2>\n<p>[\/vc_column_text][\/vc_column][\/vc_row]<\/p>\n<\/section>","protected":false},"excerpt":{"rendered":"<p>[vc_row full_width=&#8221;stretch_row&#8221; gap=&#8221;0&#8243;][vc_column width=&#8221;1\/4&#8243;][vc_empty_space height=&#8221;75px&#8221;][vc_column_text el_class=&#8221;hidemobile&#8221;][\/vc_column_text][\/vc_column][vc_column width=&#8221;3\/4&#8243; css=&#8221;.vc_custom_1701450611503{background-image: url(https:\/\/www.riyadlionrouge.com\/wp-content\/uploads\/2023\/12\/riyad-lion-rouge-room-al-hayat-1.webp?id=444) !important;background-position: center !important;background-repeat: no-repeat !important;background-size: cover&#8230;<\/p>\n","protected":false},"author":1,"featured_media":0,"parent":0,"menu_order":0,"comment_status":"closed","ping_status":"closed","template":"","meta":{"inline_featured_image":false,"wp_popup_display_lightbox":0,"wp_popup_suppress":"","wp_popup_trigger":"","wp_popup_trigger_amount":0,"wp_popup_disable_on_mobile":false,"footnotes":""},"_links":{"self":[{"href":"https:\/\/www.riyadlionrouge.com\/fr\/wp-json\/wp\/v2\/pages\/1261"}],"collection":[{"href":"https:\/\/www.riyadlionrouge.com\/fr\/wp-json\/wp\/v2\/pages"}],"about":[{"href":"https:\/\/www.riyadlionrouge.com\/fr\/wp-json\/wp\/v2\/types\/page"}],"author":[{"embeddable":true,"href":"https:\/\/www.riyadlionrouge.com\/fr\/wp-json\/wp\/v2\/users\/1"}],"replies":[{"embeddable":true,"href":"https:\/\/www.riyadlionrouge.com\/fr\/wp-json\/wp\/v2\/comments?post=1261"}],"version-history":[{"count":6,"href":"https:\/\/www.riyadlionrouge.com\/fr\/wp-json\/wp\/v2\/pages\/1261\/revisions"}],"predecessor-version":[{"id":1851,"href":"https:\/\/www.riyadlionrouge.com\/fr\/wp-json\/wp\/v2\/pages\/1261\/revisions\/1851"}],"wp:attachment":[{"href":"https:\/\/www.riyadlionrouge.com\/fr\/wp-json\/wp\/v2\/media?parent=1261"}],"curies":[{"name":"wp","href":"https:\/\/api.w.org\/{rel}","templated":true}]}}